{"id":8997,"date":"2023-05-16T18:50:10","date_gmt":"2023-05-16T15:50:10","guid":{"rendered":"https:\/\/www.splendidpalasbutik.com\/?post_type=product&#038;p=8997"},"modified":"2023-05-16T21:49:21","modified_gmt":"2023-05-16T18:49:21","slug":"splendid-x-marche-petite-toile-ecru-caramel-au-poivre-noir","status":"publish","type":"product","link":"https:\/\/www.splendidpalasbutik.com\/en\/product\/splendid-x-marche-petite-toile-ecru-caramel-au-poivre-noir\/","title":{"rendered":"Splendid x March\u00e9 \u2013 Petite Toile Ecru Caramel, Au Poivre Noir"},"content":{"rendered":"<p>Splendid x Marche Petite Toile Bags, specifically created &amp; crafted &amp; collaborated for Splendid Palas by another B\u00fcy\u00fckada based label Marche Istanbul in 2019. Splendid X Marche Petite Toile is a canvas-based bag that comes with an adjustable strap and hidden zip closure. Light, unique, artisanal, vegan, foldable, practical, beautiful &amp; functional. The Bags have become instant classics and are limited to the artisan\u2019s capacity of production. Only sold at Splendid Palace.<\/p>\n","protected":false},"excerpt":{"rendered":"<p>Ecru color water resistant canvas base, with caramel color piping &amp; matching caramel color adjustable strap &amp; hidden zip closure. Dimensions 30cm x 25cm x 15cm. Everyday, everywhere! Once you have one, you would want them all.<\/p>\n","protected":false},"featured_media":10375,"comment_status":"open","ping_status":"closed","template":"","meta":[],"product_brand":[],"product_cat":[35],"product_tag":[],"class_list":{"0":"post-8997","1":"product","2":"type-product","3":"status-publish","4":"has-post-thumbnail","6":"product_cat-splendid-x-marche-en","8":"first","9":"outofstock","10":"sold-individually","11":"shipping-taxable","12":"purchasable","13":"product-type-simple"},"yoast_head":"<!-- This site is optimized with the Yoast SEO plugin v25.0 - https:\/\/yoast.com\/wordpress\/plugins\/seo\/ -->\n<title>Splendid x March\u00e9 \u2013 Petite Toile Ecru Caramel, Au Poivre Noir | Splendid Palas Butik<\/title>\n<meta name=\"description\" content=\"Splendid Palas Butik imzal\u0131 Splendid x March\u00e9 \u2013 Petite Toile Ecru Caramel, Au Poivre Noir \u00fcr\u00fcn\u00fcn\u00fc hemen sat\u0131n almak i\u00e7in t\u0131klay\u0131n.\" \/>\n<meta name=\"robots\" content=\"index, follow, max-snippet:-1, max-image-preview:large, max-video-preview:-1\" \/>\n<link rel=\"canonical\" href=\"https:\/\/www.splendidpalasbutik.com\/en\/product\/splendid-x-marche-petite-toile-ecru-caramel-au-poivre-noir\/\" \/>\n<meta property=\"og:locale\" content=\"en_US\" \/>\n<meta property=\"og:type\" content=\"article\" \/>\n<meta property=\"og:title\" content=\"Splendid x March\u00e9 \u2013 Petite Toile Ecru Caramel, Au Poivre Noir | Splendid Palas Butik\" \/>\n<meta property=\"og:description\" content=\"Splendid Palas Butik imzal\u0131 Splendid x March\u00e9 \u2013 Petite Toile Ecru Caramel, Au Poivre Noir \u00fcr\u00fcn\u00fcn\u00fc hemen sat\u0131n almak i\u00e7in t\u0131klay\u0131n.\" \/>\n<meta property=\"og:url\" content=\"https:\/\/www.splendidpalasbutik.com\/en\/product\/splendid-x-marche-petite-toile-ecru-caramel-au-poivre-noir\/\" \/>\n<meta property=\"og:site_name\" content=\"Splendid Palas Butik\" \/>\n<meta property=\"article:modified_time\" content=\"2023-05-16T18:49:21+00:00\" \/>\n<meta property=\"og:image\" content=\"https:\/\/www.splendidpalasbutik.com\/wp-content\/uploads\/2023\/05\/img_1765-scaled.jpeg\" \/>\n\t<meta property=\"og:image:width\" content=\"2050\" \/>\n\t<meta property=\"og:image:height\" content=\"2560\" \/>\n\t<meta property=\"og:image:type\" content=\"image\/jpeg\" \/>\n<meta name=\"twitter:card\" content=\"summary_large_image\" \/>\n<meta name=\"twitter:label1\" content=\"Est. reading time\" \/>\n\t<meta name=\"twitter:data1\" content=\"1 minute\" \/>\n<script type=\"application\/ld+json\" class=\"yoast-schema-graph\">{\"@context\":\"https:\/\/schema.org\",\"@graph\":[{\"@type\":\"WebPage\",\"@id\":\"https:\/\/www.splendidpalasbutik.com\/en\/product\/splendid-x-marche-petite-toile-ecru-caramel-au-poivre-noir\/\",\"url\":\"https:\/\/www.splendidpalasbutik.com\/en\/product\/splendid-x-marche-petite-toile-ecru-caramel-au-poivre-noir\/\",\"name\":\"Splendid x March\u00e9 \u2013 Petite Toile Ecru Caramel, Au Poivre Noir | Splendid Palas Butik\",\"isPartOf\":{\"@id\":\"https:\/\/www.splendidpalasbutik.com\/#website\"},\"primaryImageOfPage\":{\"@id\":\"https:\/\/www.splendidpalasbutik.com\/en\/product\/splendid-x-marche-petite-toile-ecru-caramel-au-poivre-noir\/#primaryimage\"},\"image\":{\"@id\":\"https:\/\/www.splendidpalasbutik.com\/en\/product\/splendid-x-marche-petite-toile-ecru-caramel-au-poivre-noir\/#primaryimage\"},\"thumbnailUrl\":\"https:\/\/www.splendidpalasbutik.com\/wp-content\/uploads\/2024\/06\/img_1734-1-scaled.jpeg\",\"datePublished\":\"2023-05-16T15:50:10+00:00\",\"dateModified\":\"2023-05-16T18:49:21+00:00\",\"description\":\"Splendid Palas Butik imzal\u0131 Splendid x March\u00e9 \u2013 Petite Toile Ecru Caramel, Au Poivre Noir \u00fcr\u00fcn\u00fcn\u00fc hemen sat\u0131n almak i\u00e7in t\u0131klay\u0131n.\",\"breadcrumb\":{\"@id\":\"https:\/\/www.splendidpalasbutik.com\/en\/product\/splendid-x-marche-petite-toile-ecru-caramel-au-poivre-noir\/#breadcrumb\"},\"inLanguage\":\"en-US\",\"potentialAction\":[{\"@type\":\"ReadAction\",\"target\":[\"https:\/\/www.splendidpalasbutik.com\/en\/product\/splendid-x-marche-petite-toile-ecru-caramel-au-poivre-noir\/\"]}]},{\"@type\":\"ImageObject\",\"inLanguage\":\"en-US\",\"@id\":\"https:\/\/www.splendidpalasbutik.com\/en\/product\/splendid-x-marche-petite-toile-ecru-caramel-au-poivre-noir\/#primaryimage\",\"url\":\"https:\/\/www.splendidpalasbutik.com\/wp-content\/uploads\/2024\/06\/img_1734-1-scaled.jpeg\",\"contentUrl\":\"https:\/\/www.splendidpalasbutik.com\/wp-content\/uploads\/2024\/06\/img_1734-1-scaled.jpeg\",\"width\":1920,\"height\":2560},{\"@type\":\"BreadcrumbList\",\"@id\":\"https:\/\/www.splendidpalasbutik.com\/en\/product\/splendid-x-marche-petite-toile-ecru-caramel-au-poivre-noir\/#breadcrumb\",\"itemListElement\":[{\"@type\":\"ListItem\",\"position\":1,\"name\":\"Anasayfa\",\"item\":\"https:\/\/www.splendidpalasbutik.com\/\"},{\"@type\":\"ListItem\",\"position\":2,\"name\":\"Ma\u011faza\",\"item\":\"https:\/\/www.splendidpalasbutik.com\/magaza\/\"},{\"@type\":\"ListItem\",\"position\":3,\"name\":\"Splendid x March\u00e9 \u2013 Petite Toile Ecru Caramel, Au Poivre Noir\"}]},{\"@type\":\"WebSite\",\"@id\":\"https:\/\/www.splendidpalasbutik.com\/#website\",\"url\":\"https:\/\/www.splendidpalasbutik.com\/\",\"name\":\"Splendid Palas Butik\",\"description\":\"Discover the splendid way of life!\",\"publisher\":{\"@id\":\"https:\/\/www.splendidpalasbutik.com\/#organization\"},\"potentialAction\":[{\"@type\":\"SearchAction\",\"target\":{\"@type\":\"EntryPoint\",\"urlTemplate\":\"https:\/\/www.splendidpalasbutik.com\/?s={search_term_string}\"},\"query-input\":{\"@type\":\"PropertyValueSpecification\",\"valueRequired\":true,\"valueName\":\"search_term_string\"}}],\"inLanguage\":\"en-US\"},{\"@type\":\"Organization\",\"@id\":\"https:\/\/www.splendidpalasbutik.com\/#organization\",\"name\":\"Splendid Palas Butik\",\"url\":\"https:\/\/www.splendidpalasbutik.com\/\",\"logo\":{\"@type\":\"ImageObject\",\"inLanguage\":\"en-US\",\"@id\":\"https:\/\/www.splendidpalasbutik.com\/#\/schema\/logo\/image\/\",\"url\":\"https:\/\/www.splendidpalasbutik.com\/wp-content\/uploads\/2022\/05\/spmailheader.png\",\"contentUrl\":\"https:\/\/www.splendidpalasbutik.com\/wp-content\/uploads\/2022\/05\/spmailheader.png\",\"width\":600,\"height\":243,\"caption\":\"Splendid Palas Butik\"},\"image\":{\"@id\":\"https:\/\/www.splendidpalasbutik.com\/#\/schema\/logo\/image\/\"},\"sameAs\":[\"https:\/\/www.instagram.com\/splendidpalasbutik\/\"]}]}<\/script>\n<!-- \/ Yoast SEO plugin. -->","yoast_head_json":{"title":"Splendid x March\u00e9 \u2013 Petite Toile Ecru Caramel, Au Poivre Noir | Splendid Palas Butik","description":"Splendid Palas Butik imzal\u0131 Splendid x March\u00e9 \u2013 Petite Toile Ecru Caramel, Au Poivre Noir \u00fcr\u00fcn\u00fcn\u00fc hemen sat\u0131n almak i\u00e7in t\u0131klay\u0131n.","robots":{"index":"index","follow":"follow","max-snippet":"max-snippet:-1","max-image-preview":"max-image-preview:large","max-video-preview":"max-video-preview:-1"},"canonical":"https:\/\/www.splendidpalasbutik.com\/en\/product\/splendid-x-marche-petite-toile-ecru-caramel-au-poivre-noir\/","og_locale":"en_US","og_type":"article","og_title":"Splendid x March\u00e9 \u2013 Petite Toile Ecru Caramel, Au Poivre Noir | Splendid Palas Butik","og_description":"Splendid Palas Butik imzal\u0131 Splendid x March\u00e9 \u2013 Petite Toile Ecru Caramel, Au Poivre Noir \u00fcr\u00fcn\u00fcn\u00fc hemen sat\u0131n almak i\u00e7in t\u0131klay\u0131n.","og_url":"https:\/\/www.splendidpalasbutik.com\/en\/product\/splendid-x-marche-petite-toile-ecru-caramel-au-poivre-noir\/","og_site_name":"Splendid Palas Butik","article_modified_time":"2023-05-16T18:49:21+00:00","og_image":[{"width":2050,"height":2560,"url":"https:\/\/www.splendidpalasbutik.com\/wp-content\/uploads\/2023\/05\/img_1765-scaled.jpeg","type":"image\/jpeg"}],"twitter_card":"summary_large_image","twitter_misc":{"Est. reading time":"1 minute"},"schema":{"@context":"https:\/\/schema.org","@graph":[{"@type":"WebPage","@id":"https:\/\/www.splendidpalasbutik.com\/en\/product\/splendid-x-marche-petite-toile-ecru-caramel-au-poivre-noir\/","url":"https:\/\/www.splendidpalasbutik.com\/en\/product\/splendid-x-marche-petite-toile-ecru-caramel-au-poivre-noir\/","name":"Splendid x March\u00e9 \u2013 Petite Toile Ecru Caramel, Au Poivre Noir | Splendid Palas Butik","isPartOf":{"@id":"https:\/\/www.splendidpalasbutik.com\/#website"},"primaryImageOfPage":{"@id":"https:\/\/www.splendidpalasbutik.com\/en\/product\/splendid-x-marche-petite-toile-ecru-caramel-au-poivre-noir\/#primaryimage"},"image":{"@id":"https:\/\/www.splendidpalasbutik.com\/en\/product\/splendid-x-marche-petite-toile-ecru-caramel-au-poivre-noir\/#primaryimage"},"thumbnailUrl":"https:\/\/www.splendidpalasbutik.com\/wp-content\/uploads\/2024\/06\/img_1734-1-scaled.jpeg","datePublished":"2023-05-16T15:50:10+00:00","dateModified":"2023-05-16T18:49:21+00:00","description":"Splendid Palas Butik imzal\u0131 Splendid x March\u00e9 \u2013 Petite Toile Ecru Caramel, Au Poivre Noir \u00fcr\u00fcn\u00fcn\u00fc hemen sat\u0131n almak i\u00e7in t\u0131klay\u0131n.","breadcrumb":{"@id":"https:\/\/www.splendidpalasbutik.com\/en\/product\/splendid-x-marche-petite-toile-ecru-caramel-au-poivre-noir\/#breadcrumb"},"inLanguage":"en-US","potentialAction":[{"@type":"ReadAction","target":["https:\/\/www.splendidpalasbutik.com\/en\/product\/splendid-x-marche-petite-toile-ecru-caramel-au-poivre-noir\/"]}]},{"@type":"ImageObject","inLanguage":"en-US","@id":"https:\/\/www.splendidpalasbutik.com\/en\/product\/splendid-x-marche-petite-toile-ecru-caramel-au-poivre-noir\/#primaryimage","url":"https:\/\/www.splendidpalasbutik.com\/wp-content\/uploads\/2024\/06\/img_1734-1-scaled.jpeg","contentUrl":"https:\/\/www.splendidpalasbutik.com\/wp-content\/uploads\/2024\/06\/img_1734-1-scaled.jpeg","width":1920,"height":2560},{"@type":"BreadcrumbList","@id":"https:\/\/www.splendidpalasbutik.com\/en\/product\/splendid-x-marche-petite-toile-ecru-caramel-au-poivre-noir\/#breadcrumb","itemListElement":[{"@type":"ListItem","position":1,"name":"Anasayfa","item":"https:\/\/www.splendidpalasbutik.com\/"},{"@type":"ListItem","position":2,"name":"Ma\u011faza","item":"https:\/\/www.splendidpalasbutik.com\/magaza\/"},{"@type":"ListItem","position":3,"name":"Splendid x March\u00e9 \u2013 Petite Toile Ecru Caramel, Au Poivre Noir"}]},{"@type":"WebSite","@id":"https:\/\/www.splendidpalasbutik.com\/#website","url":"https:\/\/www.splendidpalasbutik.com\/","name":"Splendid Palas Butik","description":"Discover the splendid way of life!","publisher":{"@id":"https:\/\/www.splendidpalasbutik.com\/#organization"},"potentialAction":[{"@type":"SearchAction","target":{"@type":"EntryPoint","urlTemplate":"https:\/\/www.splendidpalasbutik.com\/?s={search_term_string}"},"query-input":{"@type":"PropertyValueSpecification","valueRequired":true,"valueName":"search_term_string"}}],"inLanguage":"en-US"},{"@type":"Organization","@id":"https:\/\/www.splendidpalasbutik.com\/#organization","name":"Splendid Palas Butik","url":"https:\/\/www.splendidpalasbutik.com\/","logo":{"@type":"ImageObject","inLanguage":"en-US","@id":"https:\/\/www.splendidpalasbutik.com\/#\/schema\/logo\/image\/","url":"https:\/\/www.splendidpalasbutik.com\/wp-content\/uploads\/2022\/05\/spmailheader.png","contentUrl":"https:\/\/www.splendidpalasbutik.com\/wp-content\/uploads\/2022\/05\/spmailheader.png","width":600,"height":243,"caption":"Splendid Palas Butik"},"image":{"@id":"https:\/\/www.splendidpalasbutik.com\/#\/schema\/logo\/image\/"},"sameAs":["https:\/\/www.instagram.com\/splendidpalasbutik\/"]}]}},"jetpack_sharing_enabled":true,"acf":[],"_links":{"self":[{"href":"https:\/\/www.splendidpalasbutik.com\/en\/wp-json\/wp\/v2\/product\/8997","targetHints":{"allow":["GET"]}}],"collection":[{"href":"https:\/\/www.splendidpalasbutik.com\/en\/wp-json\/wp\/v2\/product"}],"about":[{"href":"https:\/\/www.splendidpalasbutik.com\/en\/wp-json\/wp\/v2\/types\/product"}],"replies":[{"embeddable":true,"href":"https:\/\/www.splendidpalasbutik.com\/en\/wp-json\/wp\/v2\/comments?post=8997"}],"wp:featuredmedia":[{"embeddable":true,"href":"https:\/\/www.splendidpalasbutik.com\/en\/wp-json\/wp\/v2\/media\/10375"}],"wp:attachment":[{"href":"https:\/\/www.splendidpalasbutik.com\/en\/wp-json\/wp\/v2\/media?parent=8997"}],"wp:term":[{"taxonomy":"product_brand","embeddable":true,"href":"https:\/\/www.splendidpalasbutik.com\/en\/wp-json\/wp\/v2\/product_brand?post=8997"},{"taxonomy":"product_cat","embeddable":true,"href":"https:\/\/www.splendidpalasbutik.com\/en\/wp-json\/wp\/v2\/product_cat?post=8997"},{"taxonomy":"product_tag","embeddable":true,"href":"https:\/\/www.splendidpalasbutik.com\/en\/wp-json\/wp\/v2\/product_tag?post=8997"}],"curies":[{"name":"wp","href":"https:\/\/api.w.org\/{rel}","templated":true}]}}