{"id":633,"date":"2022-02-13T14:13:58","date_gmt":"2022-02-13T11:13:58","guid":{"rendered":"https:\/\/www.splendidpalasbutik.com\/urun\/zeytune-for-splendid-soap-selection\/"},"modified":"2022-04-28T14:45:55","modified_gmt":"2022-04-28T11:45:55","slug":"zeytune-for-splendid-soap-selection","status":"publish","type":"product","link":"https:\/\/www.splendidpalasbutik.com\/en\/product\/zeytune-for-splendid-soap-selection\/","title":{"rendered":"Zeytune for Splendid Soap Selection"},"content":{"rendered":"<p>Olive Oil handmade soaps, lavender wands, lavender pillows and many more. From Dalaman to B\u00fcy\u00fckada!<\/p>\n","protected":false},"excerpt":{"rendered":"<p>All made by the amazingly talented Lale Gonzales in the South of Turkey with meticulous care and talent. Only available at Boutique and not through website.<\/p>\n","protected":false},"featured_media":564,"comment_status":"open","ping_status":"closed","template":"","meta":[],"product_brand":[],"product_cat":[23,37],"product_tag":[22,38],"class_list":{"0":"post-633","1":"product","2":"type-product","3":"status-publish","4":"has-post-thumbnail","6":"product_cat-zeytune-for-splendid","7":"product_cat-zeytune-for-splendid-en","8":"product_tag-butik","9":"product_tag-butiq","11":"first","12":"outofstock","13":"shipping-taxable","14":"purchasable","15":"product-type-simple"},"yoast_head":"<!-- This site is optimized with the Yoast SEO plugin v25.0 - https:\/\/yoast.com\/wordpress\/plugins\/seo\/ -->\n<title>Zeytune for Splendid Soap Selection | Splendid Palas Butik<\/title>\n<meta name=\"description\" content=\"Splendid Palas Butik imzal\u0131 Zeytune for Splendid Soap Selection \u00fcr\u00fcn\u00fcn\u00fc hemen sat\u0131n almak i\u00e7in t\u0131klay\u0131n.\" \/>\n<meta name=\"robots\" content=\"index, follow, max-snippet:-1, max-image-preview:large, max-video-preview:-1\" \/>\n<link rel=\"canonical\" href=\"https:\/\/www.splendidpalasbutik.com\/en\/product\/zeytune-for-splendid-soap-selection\/\" \/>\n<meta property=\"og:locale\" content=\"en_US\" \/>\n<meta property=\"og:type\" content=\"article\" \/>\n<meta property=\"og:title\" content=\"Zeytune for Splendid Soap Selection | Splendid Palas Butik\" \/>\n<meta property=\"og:description\" content=\"Splendid Palas Butik imzal\u0131 Zeytune for Splendid Soap Selection \u00fcr\u00fcn\u00fcn\u00fc hemen sat\u0131n almak i\u00e7in t\u0131klay\u0131n.\" \/>\n<meta property=\"og:url\" content=\"https:\/\/www.splendidpalasbutik.com\/en\/product\/zeytune-for-splendid-soap-selection\/\" \/>\n<meta property=\"og:site_name\" content=\"Splendid Palas Butik\" \/>\n<meta property=\"article:modified_time\" content=\"2022-04-28T11:45:55+00:00\" \/>\n<meta property=\"og:image\" content=\"https:\/\/www.splendidpalasbutik.com\/wp-content\/uploads\/2022\/02\/714A0449-scaled.jpg\" \/>\n\t<meta property=\"og:image:width\" content=\"1707\" \/>\n\t<meta property=\"og:image:height\" content=\"2560\" \/>\n\t<meta property=\"og:image:type\" content=\"image\/jpeg\" \/>\n<meta name=\"twitter:card\" content=\"summary_large_image\" \/>\n<script type=\"application\/ld+json\" class=\"yoast-schema-graph\">{\"@context\":\"https:\/\/schema.org\",\"@graph\":[{\"@type\":\"WebPage\",\"@id\":\"https:\/\/www.splendidpalasbutik.com\/en\/product\/zeytune-for-splendid-soap-selection\/\",\"url\":\"https:\/\/www.splendidpalasbutik.com\/en\/product\/zeytune-for-splendid-soap-selection\/\",\"name\":\"Zeytune for Splendid Soap Selection | Splendid Palas Butik\",\"isPartOf\":{\"@id\":\"https:\/\/www.splendidpalasbutik.com\/#website\"},\"primaryImageOfPage\":{\"@id\":\"https:\/\/www.splendidpalasbutik.com\/en\/product\/zeytune-for-splendid-soap-selection\/#primaryimage\"},\"image\":{\"@id\":\"https:\/\/www.splendidpalasbutik.com\/en\/product\/zeytune-for-splendid-soap-selection\/#primaryimage\"},\"thumbnailUrl\":\"https:\/\/www.splendidpalasbutik.com\/wp-content\/uploads\/2022\/02\/714A0341-scaled.jpg\",\"datePublished\":\"2022-02-13T11:13:58+00:00\",\"dateModified\":\"2022-04-28T11:45:55+00:00\",\"description\":\"Splendid Palas Butik imzal\u0131 Zeytune for Splendid Soap Selection \u00fcr\u00fcn\u00fcn\u00fc hemen sat\u0131n almak i\u00e7in t\u0131klay\u0131n.\",\"breadcrumb\":{\"@id\":\"https:\/\/www.splendidpalasbutik.com\/en\/product\/zeytune-for-splendid-soap-selection\/#breadcrumb\"},\"inLanguage\":\"en-US\",\"potentialAction\":[{\"@type\":\"ReadAction\",\"target\":[\"https:\/\/www.splendidpalasbutik.com\/en\/product\/zeytune-for-splendid-soap-selection\/\"]}]},{\"@type\":\"ImageObject\",\"inLanguage\":\"en-US\",\"@id\":\"https:\/\/www.splendidpalasbutik.com\/en\/product\/zeytune-for-splendid-soap-selection\/#primaryimage\",\"url\":\"https:\/\/www.splendidpalasbutik.com\/wp-content\/uploads\/2022\/02\/714A0341-scaled.jpg\",\"contentUrl\":\"https:\/\/www.splendidpalasbutik.com\/wp-content\/uploads\/2022\/02\/714A0341-scaled.jpg\",\"width\":1280,\"height\":1920},{\"@type\":\"BreadcrumbList\",\"@id\":\"https:\/\/www.splendidpalasbutik.com\/en\/product\/zeytune-for-splendid-soap-selection\/#breadcrumb\",\"itemListElement\":[{\"@type\":\"ListItem\",\"position\":1,\"name\":\"Anasayfa\",\"item\":\"https:\/\/www.splendidpalasbutik.com\/\"},{\"@type\":\"ListItem\",\"position\":2,\"name\":\"Ma\u011faza\",\"item\":\"https:\/\/www.splendidpalasbutik.com\/magaza\/\"},{\"@type\":\"ListItem\",\"position\":3,\"name\":\"Zeytune for Splendid Soap Selection\"}]},{\"@type\":\"WebSite\",\"@id\":\"https:\/\/www.splendidpalasbutik.com\/#website\",\"url\":\"https:\/\/www.splendidpalasbutik.com\/\",\"name\":\"Splendid Palas Butik\",\"description\":\"Discover the splendid way of life!\",\"publisher\":{\"@id\":\"https:\/\/www.splendidpalasbutik.com\/#organization\"},\"potentialAction\":[{\"@type\":\"SearchAction\",\"target\":{\"@type\":\"EntryPoint\",\"urlTemplate\":\"https:\/\/www.splendidpalasbutik.com\/?s={search_term_string}\"},\"query-input\":{\"@type\":\"PropertyValueSpecification\",\"valueRequired\":true,\"valueName\":\"search_term_string\"}}],\"inLanguage\":\"en-US\"},{\"@type\":\"Organization\",\"@id\":\"https:\/\/www.splendidpalasbutik.com\/#organization\",\"name\":\"Splendid Palas Butik\",\"url\":\"https:\/\/www.splendidpalasbutik.com\/\",\"logo\":{\"@type\":\"ImageObject\",\"inLanguage\":\"en-US\",\"@id\":\"https:\/\/www.splendidpalasbutik.com\/#\/schema\/logo\/image\/\",\"url\":\"https:\/\/www.splendidpalasbutik.com\/wp-content\/uploads\/2022\/05\/spmailheader.png\",\"contentUrl\":\"https:\/\/www.splendidpalasbutik.com\/wp-content\/uploads\/2022\/05\/spmailheader.png\",\"width\":600,\"height\":243,\"caption\":\"Splendid Palas Butik\"},\"image\":{\"@id\":\"https:\/\/www.splendidpalasbutik.com\/#\/schema\/logo\/image\/\"},\"sameAs\":[\"https:\/\/www.instagram.com\/splendidpalasbutik\/\"]}]}<\/script>\n<!-- \/ Yoast SEO plugin. -->","yoast_head_json":{"title":"Zeytune for Splendid Soap Selection | Splendid Palas Butik","description":"Splendid Palas Butik imzal\u0131 Zeytune for Splendid Soap Selection \u00fcr\u00fcn\u00fcn\u00fc hemen sat\u0131n almak i\u00e7in t\u0131klay\u0131n.","robots":{"index":"index","follow":"follow","max-snippet":"max-snippet:-1","max-image-preview":"max-image-preview:large","max-video-preview":"max-video-preview:-1"},"canonical":"https:\/\/www.splendidpalasbutik.com\/en\/product\/zeytune-for-splendid-soap-selection\/","og_locale":"en_US","og_type":"article","og_title":"Zeytune for Splendid Soap Selection | Splendid Palas Butik","og_description":"Splendid Palas Butik imzal\u0131 Zeytune for Splendid Soap Selection \u00fcr\u00fcn\u00fcn\u00fc hemen sat\u0131n almak i\u00e7in t\u0131klay\u0131n.","og_url":"https:\/\/www.splendidpalasbutik.com\/en\/product\/zeytune-for-splendid-soap-selection\/","og_site_name":"Splendid Palas Butik","article_modified_time":"2022-04-28T11:45:55+00:00","og_image":[{"width":1707,"height":2560,"url":"https:\/\/www.splendidpalasbutik.com\/wp-content\/uploads\/2022\/02\/714A0449-scaled.jpg","type":"image\/jpeg"}],"twitter_card":"summary_large_image","schema":{"@context":"https:\/\/schema.org","@graph":[{"@type":"WebPage","@id":"https:\/\/www.splendidpalasbutik.com\/en\/product\/zeytune-for-splendid-soap-selection\/","url":"https:\/\/www.splendidpalasbutik.com\/en\/product\/zeytune-for-splendid-soap-selection\/","name":"Zeytune for Splendid Soap Selection | Splendid Palas Butik","isPartOf":{"@id":"https:\/\/www.splendidpalasbutik.com\/#website"},"primaryImageOfPage":{"@id":"https:\/\/www.splendidpalasbutik.com\/en\/product\/zeytune-for-splendid-soap-selection\/#primaryimage"},"image":{"@id":"https:\/\/www.splendidpalasbutik.com\/en\/product\/zeytune-for-splendid-soap-selection\/#primaryimage"},"thumbnailUrl":"https:\/\/www.splendidpalasbutik.com\/wp-content\/uploads\/2022\/02\/714A0341-scaled.jpg","datePublished":"2022-02-13T11:13:58+00:00","dateModified":"2022-04-28T11:45:55+00:00","description":"Splendid Palas Butik imzal\u0131 Zeytune for Splendid Soap Selection \u00fcr\u00fcn\u00fcn\u00fc hemen sat\u0131n almak i\u00e7in t\u0131klay\u0131n.","breadcrumb":{"@id":"https:\/\/www.splendidpalasbutik.com\/en\/product\/zeytune-for-splendid-soap-selection\/#breadcrumb"},"inLanguage":"en-US","potentialAction":[{"@type":"ReadAction","target":["https:\/\/www.splendidpalasbutik.com\/en\/product\/zeytune-for-splendid-soap-selection\/"]}]},{"@type":"ImageObject","inLanguage":"en-US","@id":"https:\/\/www.splendidpalasbutik.com\/en\/product\/zeytune-for-splendid-soap-selection\/#primaryimage","url":"https:\/\/www.splendidpalasbutik.com\/wp-content\/uploads\/2022\/02\/714A0341-scaled.jpg","contentUrl":"https:\/\/www.splendidpalasbutik.com\/wp-content\/uploads\/2022\/02\/714A0341-scaled.jpg","width":1280,"height":1920},{"@type":"BreadcrumbList","@id":"https:\/\/www.splendidpalasbutik.com\/en\/product\/zeytune-for-splendid-soap-selection\/#breadcrumb","itemListElement":[{"@type":"ListItem","position":1,"name":"Anasayfa","item":"https:\/\/www.splendidpalasbutik.com\/"},{"@type":"ListItem","position":2,"name":"Ma\u011faza","item":"https:\/\/www.splendidpalasbutik.com\/magaza\/"},{"@type":"ListItem","position":3,"name":"Zeytune for Splendid Soap Selection"}]},{"@type":"WebSite","@id":"https:\/\/www.splendidpalasbutik.com\/#website","url":"https:\/\/www.splendidpalasbutik.com\/","name":"Splendid Palas Butik","description":"Discover the splendid way of life!","publisher":{"@id":"https:\/\/www.splendidpalasbutik.com\/#organization"},"potentialAction":[{"@type":"SearchAction","target":{"@type":"EntryPoint","urlTemplate":"https:\/\/www.splendidpalasbutik.com\/?s={search_term_string}"},"query-input":{"@type":"PropertyValueSpecification","valueRequired":true,"valueName":"search_term_string"}}],"inLanguage":"en-US"},{"@type":"Organization","@id":"https:\/\/www.splendidpalasbutik.com\/#organization","name":"Splendid Palas Butik","url":"https:\/\/www.splendidpalasbutik.com\/","logo":{"@type":"ImageObject","inLanguage":"en-US","@id":"https:\/\/www.splendidpalasbutik.com\/#\/schema\/logo\/image\/","url":"https:\/\/www.splendidpalasbutik.com\/wp-content\/uploads\/2022\/05\/spmailheader.png","contentUrl":"https:\/\/www.splendidpalasbutik.com\/wp-content\/uploads\/2022\/05\/spmailheader.png","width":600,"height":243,"caption":"Splendid Palas Butik"},"image":{"@id":"https:\/\/www.splendidpalasbutik.com\/#\/schema\/logo\/image\/"},"sameAs":["https:\/\/www.instagram.com\/splendidpalasbutik\/"]}]}},"jetpack_sharing_enabled":true,"acf":[],"_links":{"self":[{"href":"https:\/\/www.splendidpalasbutik.com\/en\/wp-json\/wp\/v2\/product\/633","targetHints":{"allow":["GET"]}}],"collection":[{"href":"https:\/\/www.splendidpalasbutik.com\/en\/wp-json\/wp\/v2\/product"}],"about":[{"href":"https:\/\/www.splendidpalasbutik.com\/en\/wp-json\/wp\/v2\/types\/product"}],"replies":[{"embeddable":true,"href":"https:\/\/www.splendidpalasbutik.com\/en\/wp-json\/wp\/v2\/comments?post=633"}],"wp:featuredmedia":[{"embeddable":true,"href":"https:\/\/www.splendidpalasbutik.com\/en\/wp-json\/wp\/v2\/media\/564"}],"wp:attachment":[{"href":"https:\/\/www.splendidpalasbutik.com\/en\/wp-json\/wp\/v2\/media?parent=633"}],"wp:term":[{"taxonomy":"product_brand","embeddable":true,"href":"https:\/\/www.splendidpalasbutik.com\/en\/wp-json\/wp\/v2\/product_brand?post=633"},{"taxonomy":"product_cat","embeddable":true,"href":"https:\/\/www.splendidpalasbutik.com\/en\/wp-json\/wp\/v2\/product_cat?post=633"},{"taxonomy":"product_tag","embeddable":true,"href":"https:\/\/www.splendidpalasbutik.com\/en\/wp-json\/wp\/v2\/product_tag?post=633"}],"curies":[{"name":"wp","href":"https:\/\/api.w.org\/{rel}","templated":true}]}}