{"id":627,"date":"2022-01-23T21:24:15","date_gmt":"2022-01-23T18:24:15","guid":{"rendered":"https:\/\/www.splendidpalasbutik.com\/urun\/rumisu-for-splendid-palas-heritage-collection-classic-red\/"},"modified":"2025-02-06T16:58:31","modified_gmt":"2025-02-06T13:58:31","slug":"rumisu-for-splendid-palas-heritage-collection-classic-red-2","status":"publish","type":"product","link":"https:\/\/www.splendidpalasbutik.com\/en\/product\/rumisu-for-splendid-palas-heritage-collection-classic-red-2\/","title":{"rendered":"Rumisu for Splendid Palas Heritage Collection Classic Red"},"content":{"rendered":"<p>Rumisu for Splendid Palas scarves, silk \/ cotton bandannas in different color variations, every season only at Splendid Palas Boutique. A project \u2013 Splendid Heritage \u2013 Rumisuworld has created with \/ for Splendid Palas B\u00fcy\u00fckada, which has been a \u201ctime-tunnel kind a magical super- duper whimsical place within Istanbul since they have first visited years ago.<\/p>\n","protected":false},"excerpt":{"rendered":"<p>Heritage Collection Classic red silk scarf<\/p>\n<p>\u2022 Splendid heritage print illustrated by hand, transferred and than digitally printed. \u2022 100% Silk, crepe de chine \u2022 Measuring 105cm x105 cm \u2022 The scarf comes with a detachable, hand crocheted corner charm that completes the story and carries forward the traditional Turkish art of oya. \u2022 The crochet characters are made in Southeastern Turkey in cooperation with UNDP project that aims to foster sustainable economic development of the regions women. \u2022 The Edges are hand rolled. \u2022 To be delivered in its own 100% cotton pouch.<\/p>\n","protected":false},"featured_media":516,"comment_status":"open","ping_status":"closed","template":"","meta":[],"product_brand":[],"product_cat":[33],"product_tag":[],"class_list":{"0":"post-627","1":"product","2":"type-product","3":"status-publish","4":"has-post-thumbnail","6":"product_cat-rumisu-for-splendid-palas-en","8":"first","9":"outofstock","10":"sold-individually","11":"shipping-taxable","12":"purchasable","13":"product-type-simple"},"yoast_head":"<!-- This site is optimized with the Yoast SEO plugin v25.0 - https:\/\/yoast.com\/wordpress\/plugins\/seo\/ -->\n<title>Rumisu for Splendid Palas Heritage Collection Classic Red | Splendid Palas Butik<\/title>\n<meta name=\"description\" content=\"Splendid Palas Butik imzal\u0131 Rumisu for Splendid Palas Heritage Collection Classic Red \u00fcr\u00fcn\u00fcn\u00fc hemen sat\u0131n almak i\u00e7in t\u0131klay\u0131n.\" \/>\n<meta name=\"robots\" content=\"index, follow, max-snippet:-1, max-image-preview:large, max-video-preview:-1\" \/>\n<link rel=\"canonical\" href=\"https:\/\/www.splendidpalasbutik.com\/en\/product\/rumisu-for-splendid-palas-heritage-collection-classic-red-2\/\" \/>\n<meta property=\"og:locale\" content=\"en_US\" \/>\n<meta property=\"og:type\" content=\"article\" \/>\n<meta property=\"og:title\" content=\"Rumisu for Splendid Palas Heritage Collection Classic Red | Splendid Palas Butik\" \/>\n<meta property=\"og:description\" content=\"Splendid Palas Butik imzal\u0131 Rumisu for Splendid Palas Heritage Collection Classic Red \u00fcr\u00fcn\u00fcn\u00fc hemen sat\u0131n almak i\u00e7in t\u0131klay\u0131n.\" \/>\n<meta property=\"og:url\" content=\"https:\/\/www.splendidpalasbutik.com\/en\/product\/rumisu-for-splendid-palas-heritage-collection-classic-red-2\/\" \/>\n<meta property=\"og:site_name\" content=\"Splendid Palas Butik\" \/>\n<meta property=\"article:modified_time\" content=\"2025-02-06T13:58:31+00:00\" \/>\n<meta property=\"og:image\" content=\"https:\/\/www.splendidpalasbutik.com\/wp-content\/uploads\/2022\/01\/img_3581-1.jpeg\" \/>\n\t<meta property=\"og:image:width\" content=\"1290\" \/>\n\t<meta property=\"og:image:height\" content=\"1691\" \/>\n\t<meta property=\"og:image:type\" content=\"image\/jpeg\" \/>\n<meta name=\"twitter:card\" content=\"summary_large_image\" \/>\n<script type=\"application\/ld+json\" class=\"yoast-schema-graph\">{\"@context\":\"https:\/\/schema.org\",\"@graph\":[{\"@type\":\"WebPage\",\"@id\":\"https:\/\/www.splendidpalasbutik.com\/en\/product\/rumisu-for-splendid-palas-heritage-collection-classic-red-2\/\",\"url\":\"https:\/\/www.splendidpalasbutik.com\/en\/product\/rumisu-for-splendid-palas-heritage-collection-classic-red-2\/\",\"name\":\"Rumisu for Splendid Palas Heritage Collection Classic Red | Splendid Palas Butik\",\"isPartOf\":{\"@id\":\"https:\/\/www.splendidpalasbutik.com\/#website\"},\"primaryImageOfPage\":{\"@id\":\"https:\/\/www.splendidpalasbutik.com\/en\/product\/rumisu-for-splendid-palas-heritage-collection-classic-red-2\/#primaryimage\"},\"image\":{\"@id\":\"https:\/\/www.splendidpalasbutik.com\/en\/product\/rumisu-for-splendid-palas-heritage-collection-classic-red-2\/#primaryimage\"},\"thumbnailUrl\":\"https:\/\/www.splendidpalasbutik.com\/wp-content\/uploads\/2022\/01\/img_5622.jpg\",\"datePublished\":\"2022-01-23T18:24:15+00:00\",\"dateModified\":\"2025-02-06T13:58:31+00:00\",\"description\":\"Splendid Palas Butik imzal\u0131 Rumisu for Splendid Palas Heritage Collection Classic Red \u00fcr\u00fcn\u00fcn\u00fc hemen sat\u0131n almak i\u00e7in t\u0131klay\u0131n.\",\"breadcrumb\":{\"@id\":\"https:\/\/www.splendidpalasbutik.com\/en\/product\/rumisu-for-splendid-palas-heritage-collection-classic-red-2\/#breadcrumb\"},\"inLanguage\":\"en-US\",\"potentialAction\":[{\"@type\":\"ReadAction\",\"target\":[\"https:\/\/www.splendidpalasbutik.com\/en\/product\/rumisu-for-splendid-palas-heritage-collection-classic-red-2\/\"]}]},{\"@type\":\"ImageObject\",\"inLanguage\":\"en-US\",\"@id\":\"https:\/\/www.splendidpalasbutik.com\/en\/product\/rumisu-for-splendid-palas-heritage-collection-classic-red-2\/#primaryimage\",\"url\":\"https:\/\/www.splendidpalasbutik.com\/wp-content\/uploads\/2022\/01\/img_5622.jpg\",\"contentUrl\":\"https:\/\/www.splendidpalasbutik.com\/wp-content\/uploads\/2022\/01\/img_5622.jpg\",\"width\":1242,\"height\":1239},{\"@type\":\"BreadcrumbList\",\"@id\":\"https:\/\/www.splendidpalasbutik.com\/en\/product\/rumisu-for-splendid-palas-heritage-collection-classic-red-2\/#breadcrumb\",\"itemListElement\":[{\"@type\":\"ListItem\",\"position\":1,\"name\":\"Anasayfa\",\"item\":\"https:\/\/www.splendidpalasbutik.com\/\"},{\"@type\":\"ListItem\",\"position\":2,\"name\":\"Ma\u011faza\",\"item\":\"https:\/\/www.splendidpalasbutik.com\/magaza\/\"},{\"@type\":\"ListItem\",\"position\":3,\"name\":\"Rumisu for Splendid Palas Heritage Collection Classic Red\"}]},{\"@type\":\"WebSite\",\"@id\":\"https:\/\/www.splendidpalasbutik.com\/#website\",\"url\":\"https:\/\/www.splendidpalasbutik.com\/\",\"name\":\"Splendid Palas Butik\",\"description\":\"Discover the splendid way of life!\",\"publisher\":{\"@id\":\"https:\/\/www.splendidpalasbutik.com\/#organization\"},\"potentialAction\":[{\"@type\":\"SearchAction\",\"target\":{\"@type\":\"EntryPoint\",\"urlTemplate\":\"https:\/\/www.splendidpalasbutik.com\/?s={search_term_string}\"},\"query-input\":{\"@type\":\"PropertyValueSpecification\",\"valueRequired\":true,\"valueName\":\"search_term_string\"}}],\"inLanguage\":\"en-US\"},{\"@type\":\"Organization\",\"@id\":\"https:\/\/www.splendidpalasbutik.com\/#organization\",\"name\":\"Splendid Palas Butik\",\"url\":\"https:\/\/www.splendidpalasbutik.com\/\",\"logo\":{\"@type\":\"ImageObject\",\"inLanguage\":\"en-US\",\"@id\":\"https:\/\/www.splendidpalasbutik.com\/#\/schema\/logo\/image\/\",\"url\":\"https:\/\/www.splendidpalasbutik.com\/wp-content\/uploads\/2022\/05\/spmailheader.png\",\"contentUrl\":\"https:\/\/www.splendidpalasbutik.com\/wp-content\/uploads\/2022\/05\/spmailheader.png\",\"width\":600,\"height\":243,\"caption\":\"Splendid Palas Butik\"},\"image\":{\"@id\":\"https:\/\/www.splendidpalasbutik.com\/#\/schema\/logo\/image\/\"},\"sameAs\":[\"https:\/\/www.instagram.com\/splendidpalasbutik\/\"]}]}<\/script>\n<!-- \/ Yoast SEO plugin. -->","yoast_head_json":{"title":"Rumisu for Splendid Palas Heritage Collection Classic Red | Splendid Palas Butik","description":"Splendid Palas Butik imzal\u0131 Rumisu for Splendid Palas Heritage Collection Classic Red \u00fcr\u00fcn\u00fcn\u00fc hemen sat\u0131n almak i\u00e7in t\u0131klay\u0131n.","robots":{"index":"index","follow":"follow","max-snippet":"max-snippet:-1","max-image-preview":"max-image-preview:large","max-video-preview":"max-video-preview:-1"},"canonical":"https:\/\/www.splendidpalasbutik.com\/en\/product\/rumisu-for-splendid-palas-heritage-collection-classic-red-2\/","og_locale":"en_US","og_type":"article","og_title":"Rumisu for Splendid Palas Heritage Collection Classic Red | Splendid Palas Butik","og_description":"Splendid Palas Butik imzal\u0131 Rumisu for Splendid Palas Heritage Collection Classic Red \u00fcr\u00fcn\u00fcn\u00fc hemen sat\u0131n almak i\u00e7in t\u0131klay\u0131n.","og_url":"https:\/\/www.splendidpalasbutik.com\/en\/product\/rumisu-for-splendid-palas-heritage-collection-classic-red-2\/","og_site_name":"Splendid Palas Butik","article_modified_time":"2025-02-06T13:58:31+00:00","og_image":[{"width":1290,"height":1691,"url":"https:\/\/www.splendidpalasbutik.com\/wp-content\/uploads\/2022\/01\/img_3581-1.jpeg","type":"image\/jpeg"}],"twitter_card":"summary_large_image","schema":{"@context":"https:\/\/schema.org","@graph":[{"@type":"WebPage","@id":"https:\/\/www.splendidpalasbutik.com\/en\/product\/rumisu-for-splendid-palas-heritage-collection-classic-red-2\/","url":"https:\/\/www.splendidpalasbutik.com\/en\/product\/rumisu-for-splendid-palas-heritage-collection-classic-red-2\/","name":"Rumisu for Splendid Palas Heritage Collection Classic Red | Splendid Palas Butik","isPartOf":{"@id":"https:\/\/www.splendidpalasbutik.com\/#website"},"primaryImageOfPage":{"@id":"https:\/\/www.splendidpalasbutik.com\/en\/product\/rumisu-for-splendid-palas-heritage-collection-classic-red-2\/#primaryimage"},"image":{"@id":"https:\/\/www.splendidpalasbutik.com\/en\/product\/rumisu-for-splendid-palas-heritage-collection-classic-red-2\/#primaryimage"},"thumbnailUrl":"https:\/\/www.splendidpalasbutik.com\/wp-content\/uploads\/2022\/01\/img_5622.jpg","datePublished":"2022-01-23T18:24:15+00:00","dateModified":"2025-02-06T13:58:31+00:00","description":"Splendid Palas Butik imzal\u0131 Rumisu for Splendid Palas Heritage Collection Classic Red \u00fcr\u00fcn\u00fcn\u00fc hemen sat\u0131n almak i\u00e7in t\u0131klay\u0131n.","breadcrumb":{"@id":"https:\/\/www.splendidpalasbutik.com\/en\/product\/rumisu-for-splendid-palas-heritage-collection-classic-red-2\/#breadcrumb"},"inLanguage":"en-US","potentialAction":[{"@type":"ReadAction","target":["https:\/\/www.splendidpalasbutik.com\/en\/product\/rumisu-for-splendid-palas-heritage-collection-classic-red-2\/"]}]},{"@type":"ImageObject","inLanguage":"en-US","@id":"https:\/\/www.splendidpalasbutik.com\/en\/product\/rumisu-for-splendid-palas-heritage-collection-classic-red-2\/#primaryimage","url":"https:\/\/www.splendidpalasbutik.com\/wp-content\/uploads\/2022\/01\/img_5622.jpg","contentUrl":"https:\/\/www.splendidpalasbutik.com\/wp-content\/uploads\/2022\/01\/img_5622.jpg","width":1242,"height":1239},{"@type":"BreadcrumbList","@id":"https:\/\/www.splendidpalasbutik.com\/en\/product\/rumisu-for-splendid-palas-heritage-collection-classic-red-2\/#breadcrumb","itemListElement":[{"@type":"ListItem","position":1,"name":"Anasayfa","item":"https:\/\/www.splendidpalasbutik.com\/"},{"@type":"ListItem","position":2,"name":"Ma\u011faza","item":"https:\/\/www.splendidpalasbutik.com\/magaza\/"},{"@type":"ListItem","position":3,"name":"Rumisu for Splendid Palas Heritage Collection Classic Red"}]},{"@type":"WebSite","@id":"https:\/\/www.splendidpalasbutik.com\/#website","url":"https:\/\/www.splendidpalasbutik.com\/","name":"Splendid Palas Butik","description":"Discover the splendid way of life!","publisher":{"@id":"https:\/\/www.splendidpalasbutik.com\/#organization"},"potentialAction":[{"@type":"SearchAction","target":{"@type":"EntryPoint","urlTemplate":"https:\/\/www.splendidpalasbutik.com\/?s={search_term_string}"},"query-input":{"@type":"PropertyValueSpecification","valueRequired":true,"valueName":"search_term_string"}}],"inLanguage":"en-US"},{"@type":"Organization","@id":"https:\/\/www.splendidpalasbutik.com\/#organization","name":"Splendid Palas Butik","url":"https:\/\/www.splendidpalasbutik.com\/","logo":{"@type":"ImageObject","inLanguage":"en-US","@id":"https:\/\/www.splendidpalasbutik.com\/#\/schema\/logo\/image\/","url":"https:\/\/www.splendidpalasbutik.com\/wp-content\/uploads\/2022\/05\/spmailheader.png","contentUrl":"https:\/\/www.splendidpalasbutik.com\/wp-content\/uploads\/2022\/05\/spmailheader.png","width":600,"height":243,"caption":"Splendid Palas Butik"},"image":{"@id":"https:\/\/www.splendidpalasbutik.com\/#\/schema\/logo\/image\/"},"sameAs":["https:\/\/www.instagram.com\/splendidpalasbutik\/"]}]}},"jetpack_sharing_enabled":true,"acf":[],"_links":{"self":[{"href":"https:\/\/www.splendidpalasbutik.com\/en\/wp-json\/wp\/v2\/product\/627","targetHints":{"allow":["GET"]}}],"collection":[{"href":"https:\/\/www.splendidpalasbutik.com\/en\/wp-json\/wp\/v2\/product"}],"about":[{"href":"https:\/\/www.splendidpalasbutik.com\/en\/wp-json\/wp\/v2\/types\/product"}],"replies":[{"embeddable":true,"href":"https:\/\/www.splendidpalasbutik.com\/en\/wp-json\/wp\/v2\/comments?post=627"}],"wp:featuredmedia":[{"embeddable":true,"href":"https:\/\/www.splendidpalasbutik.com\/en\/wp-json\/wp\/v2\/media\/516"}],"wp:attachment":[{"href":"https:\/\/www.splendidpalasbutik.com\/en\/wp-json\/wp\/v2\/media?parent=627"}],"wp:term":[{"taxonomy":"product_brand","embeddable":true,"href":"https:\/\/www.splendidpalasbutik.com\/en\/wp-json\/wp\/v2\/product_brand?post=627"},{"taxonomy":"product_cat","embeddable":true,"href":"https:\/\/www.splendidpalasbutik.com\/en\/wp-json\/wp\/v2\/product_cat?post=627"},{"taxonomy":"product_tag","embeddable":true,"href":"https:\/\/www.splendidpalasbutik.com\/en\/wp-json\/wp\/v2\/product_tag?post=627"}],"curies":[{"name":"wp","href":"https:\/\/api.w.org\/{rel}","templated":true}]}}