{"id":5799,"date":"2022-05-26T22:43:40","date_gmt":"2022-05-26T19:43:40","guid":{"rendered":"https:\/\/www.splendidpalasbutik.com\/?post_type=product&#038;p=5799"},"modified":"2026-01-31T22:39:30","modified_gmt":"2026-01-31T19:39:30","slug":"etem-ruhi-1912-x-splendid","status":"publish","type":"product","link":"https:\/\/www.splendidpalasbutik.com\/en\/urun\/etem-ruhi-1912-x-splendid\/","title":{"rendered":"Etem Ruhi 1912 X Splendid"},"content":{"rendered":"<p>Limon, bergamot ve mandalina kokular\u0131n\u0131 \u00e7i\u00e7eksi ve odunsu notalarla harmanlayarak klasik limon kolonyas\u0131na g\u00fcncel bir yorum getiren Ethem Ruhi Citrus Blend, kendine \u00f6zg\u00fc \u015fi\u015fe tasar\u0131m\u0131 ve etraf\u0131na hafif\u00e7e koku yayan \u00f6zel \u00fcretim el eme\u011fi seramik &#8220;SP&#8221; initialli kapa\u011f\u0131 ile sunuluyor.<\/p>\n<p>Akl\u0131n\u0131zdan \u00e7\u0131kmayacak.<\/p>\n<p>Ethem Ruhi for SP<\/p>\n","protected":false},"excerpt":{"rendered":"<p>Limon, bergamot ve mandalina kokular\u0131n\u0131 \u00e7i\u00e7eksi ve odunsu notalarla harmanlayarak klasik limon kolonyas\u0131na g\u00fcncel bir yorum getiren Ethem Ruhi Citrus Blend, kendine \u00f6zg\u00fc \u015fi\u015fe tasar\u0131m\u0131 ve etraf\u0131na hafif\u00e7e koku yayan \u00f6zel \u00fcretim el eme\u011fi seramik \u201cSP\u201d initialli kapa\u011f\u0131 ile sunuluyor.<\/p>\n<p>Akl\u0131n\u0131zdan \u00e7\u0131kmayacak.<\/p>\n<p>Ethem Ruhi for SP<\/p>\n<p>Sadece \u0130stanbul i\u00e7ine g\u00f6nderim yap\u0131labilmektedir.<\/p>\n","protected":false},"featured_media":5803,"comment_status":"open","ping_status":"closed","template":"","meta":[],"product_brand":[],"product_cat":[24],"product_tag":[],"class_list":{"0":"post-5799","1":"product","2":"type-product","3":"status-publish","4":"has-post-thumbnail","6":"product_cat-splendid-koleksiyonu","8":"first","9":"outofstock","10":"sold-individually","11":"shipping-taxable","12":"purchasable","13":"product-type-simple"},"yoast_head":"<!-- This site is optimized with the Yoast SEO plugin v25.0 - https:\/\/yoast.com\/wordpress\/plugins\/seo\/ -->\n<title>Etem Ruhi 1912 X Splendid | Splendid Palas Butik<\/title>\n<meta name=\"description\" content=\"Splendid Palas Butik imzal\u0131 Etem Ruhi 1912 X Splendid \u00fcr\u00fcn\u00fcn\u00fc hemen sat\u0131n almak i\u00e7in t\u0131klay\u0131n. %\" \/>\n<meta name=\"robots\" content=\"index, follow, max-snippet:-1, max-image-preview:large, max-video-preview:-1\" \/>\n<link rel=\"canonical\" href=\"https:\/\/www.splendidpalasbutik.com\/urun\/etem-ruhi-1912-x-splendid\/\" \/>\n<meta property=\"og:locale\" content=\"en_US\" \/>\n<meta property=\"og:type\" content=\"article\" \/>\n<meta property=\"og:title\" content=\"Etem Ruhi 1912 X Splendid | Splendid Palas Butik\" \/>\n<meta property=\"og:description\" content=\"Splendid Palas Butik imzal\u0131 Etem Ruhi 1912 X Splendid \u00fcr\u00fcn\u00fcn\u00fc hemen sat\u0131n almak i\u00e7in t\u0131klay\u0131n. %\" \/>\n<meta property=\"og:url\" content=\"https:\/\/www.splendidpalasbutik.com\/urun\/etem-ruhi-1912-x-splendid\/\" \/>\n<meta property=\"og:site_name\" content=\"Splendid Palas Butik\" \/>\n<meta property=\"article:modified_time\" content=\"2026-01-31T19:39:30+00:00\" \/>\n<meta property=\"og:image\" content=\"https:\/\/www.splendidpalasbutik.com\/wp-content\/uploads\/2022\/05\/IMG_8062-scaled.jpeg\" \/>\n\t<meta property=\"og:image:width\" content=\"1920\" \/>\n\t<meta property=\"og:image:height\" content=\"2560\" \/>\n\t<meta property=\"og:image:type\" content=\"image\/jpeg\" \/>\n<meta name=\"twitter:card\" content=\"summary_large_image\" \/>\n<meta name=\"twitter:label1\" content=\"Est. reading time\" \/>\n\t<meta name=\"twitter:data1\" content=\"1 minute\" \/>\n<script type=\"application\/ld+json\" class=\"yoast-schema-graph\">{\"@context\":\"https:\/\/schema.org\",\"@graph\":[{\"@type\":\"WebPage\",\"@id\":\"https:\/\/www.splendidpalasbutik.com\/urun\/etem-ruhi-1912-x-splendid\/\",\"url\":\"https:\/\/www.splendidpalasbutik.com\/urun\/etem-ruhi-1912-x-splendid\/\",\"name\":\"Etem Ruhi 1912 X Splendid | Splendid Palas Butik\",\"isPartOf\":{\"@id\":\"https:\/\/www.splendidpalasbutik.com\/#website\"},\"primaryImageOfPage\":{\"@id\":\"https:\/\/www.splendidpalasbutik.com\/urun\/etem-ruhi-1912-x-splendid\/#primaryimage\"},\"image\":{\"@id\":\"https:\/\/www.splendidpalasbutik.com\/urun\/etem-ruhi-1912-x-splendid\/#primaryimage\"},\"thumbnailUrl\":\"https:\/\/www.splendidpalasbutik.com\/wp-content\/uploads\/2022\/05\/IMG_8062-scaled.jpeg\",\"datePublished\":\"2022-05-26T19:43:40+00:00\",\"dateModified\":\"2026-01-31T19:39:30+00:00\",\"description\":\"Splendid Palas Butik imzal\u0131 Etem Ruhi 1912 X Splendid \u00fcr\u00fcn\u00fcn\u00fc hemen sat\u0131n almak i\u00e7in t\u0131klay\u0131n. %\",\"breadcrumb\":{\"@id\":\"https:\/\/www.splendidpalasbutik.com\/urun\/etem-ruhi-1912-x-splendid\/#breadcrumb\"},\"inLanguage\":\"en-US\",\"potentialAction\":[{\"@type\":\"ReadAction\",\"target\":[\"https:\/\/www.splendidpalasbutik.com\/urun\/etem-ruhi-1912-x-splendid\/\"]}]},{\"@type\":\"ImageObject\",\"inLanguage\":\"en-US\",\"@id\":\"https:\/\/www.splendidpalasbutik.com\/urun\/etem-ruhi-1912-x-splendid\/#primaryimage\",\"url\":\"https:\/\/www.splendidpalasbutik.com\/wp-content\/uploads\/2022\/05\/IMG_8062-scaled.jpeg\",\"contentUrl\":\"https:\/\/www.splendidpalasbutik.com\/wp-content\/uploads\/2022\/05\/IMG_8062-scaled.jpeg\",\"width\":1920,\"height\":2560},{\"@type\":\"BreadcrumbList\",\"@id\":\"https:\/\/www.splendidpalasbutik.com\/urun\/etem-ruhi-1912-x-splendid\/#breadcrumb\",\"itemListElement\":[{\"@type\":\"ListItem\",\"position\":1,\"name\":\"Anasayfa\",\"item\":\"https:\/\/www.splendidpalasbutik.com\/\"},{\"@type\":\"ListItem\",\"position\":2,\"name\":\"Ma\u011faza\",\"item\":\"https:\/\/www.splendidpalasbutik.com\/magaza\/\"},{\"@type\":\"ListItem\",\"position\":3,\"name\":\"Etem Ruhi 1912 X Splendid\"}]},{\"@type\":\"WebSite\",\"@id\":\"https:\/\/www.splendidpalasbutik.com\/#website\",\"url\":\"https:\/\/www.splendidpalasbutik.com\/\",\"name\":\"Splendid Palas Butik\",\"description\":\"Discover the splendid way of life!\",\"publisher\":{\"@id\":\"https:\/\/www.splendidpalasbutik.com\/#organization\"},\"potentialAction\":[{\"@type\":\"SearchAction\",\"target\":{\"@type\":\"EntryPoint\",\"urlTemplate\":\"https:\/\/www.splendidpalasbutik.com\/?s={search_term_string}\"},\"query-input\":{\"@type\":\"PropertyValueSpecification\",\"valueRequired\":true,\"valueName\":\"search_term_string\"}}],\"inLanguage\":\"en-US\"},{\"@type\":\"Organization\",\"@id\":\"https:\/\/www.splendidpalasbutik.com\/#organization\",\"name\":\"Splendid Palas Butik\",\"url\":\"https:\/\/www.splendidpalasbutik.com\/\",\"logo\":{\"@type\":\"ImageObject\",\"inLanguage\":\"en-US\",\"@id\":\"https:\/\/www.splendidpalasbutik.com\/#\/schema\/logo\/image\/\",\"url\":\"https:\/\/www.splendidpalasbutik.com\/wp-content\/uploads\/2022\/05\/spmailheader.png\",\"contentUrl\":\"https:\/\/www.splendidpalasbutik.com\/wp-content\/uploads\/2022\/05\/spmailheader.png\",\"width\":600,\"height\":243,\"caption\":\"Splendid Palas Butik\"},\"image\":{\"@id\":\"https:\/\/www.splendidpalasbutik.com\/#\/schema\/logo\/image\/\"},\"sameAs\":[\"https:\/\/www.instagram.com\/splendidpalasbutik\/\"]}]}<\/script>\n<!-- \/ Yoast SEO plugin. -->","yoast_head_json":{"title":"Etem Ruhi 1912 X Splendid | Splendid Palas Butik","description":"Splendid Palas Butik imzal\u0131 Etem Ruhi 1912 X Splendid \u00fcr\u00fcn\u00fcn\u00fc hemen sat\u0131n almak i\u00e7in t\u0131klay\u0131n. %","robots":{"index":"index","follow":"follow","max-snippet":"max-snippet:-1","max-image-preview":"max-image-preview:large","max-video-preview":"max-video-preview:-1"},"canonical":"https:\/\/www.splendidpalasbutik.com\/urun\/etem-ruhi-1912-x-splendid\/","og_locale":"en_US","og_type":"article","og_title":"Etem Ruhi 1912 X Splendid | Splendid Palas Butik","og_description":"Splendid Palas Butik imzal\u0131 Etem Ruhi 1912 X Splendid \u00fcr\u00fcn\u00fcn\u00fc hemen sat\u0131n almak i\u00e7in t\u0131klay\u0131n. %","og_url":"https:\/\/www.splendidpalasbutik.com\/urun\/etem-ruhi-1912-x-splendid\/","og_site_name":"Splendid Palas Butik","article_modified_time":"2026-01-31T19:39:30+00:00","og_image":[{"width":1920,"height":2560,"url":"https:\/\/www.splendidpalasbutik.com\/wp-content\/uploads\/2022\/05\/IMG_8062-scaled.jpeg","type":"image\/jpeg"}],"twitter_card":"summary_large_image","twitter_misc":{"Est. reading time":"1 minute"},"schema":{"@context":"https:\/\/schema.org","@graph":[{"@type":"WebPage","@id":"https:\/\/www.splendidpalasbutik.com\/urun\/etem-ruhi-1912-x-splendid\/","url":"https:\/\/www.splendidpalasbutik.com\/urun\/etem-ruhi-1912-x-splendid\/","name":"Etem Ruhi 1912 X Splendid | Splendid Palas Butik","isPartOf":{"@id":"https:\/\/www.splendidpalasbutik.com\/#website"},"primaryImageOfPage":{"@id":"https:\/\/www.splendidpalasbutik.com\/urun\/etem-ruhi-1912-x-splendid\/#primaryimage"},"image":{"@id":"https:\/\/www.splendidpalasbutik.com\/urun\/etem-ruhi-1912-x-splendid\/#primaryimage"},"thumbnailUrl":"https:\/\/www.splendidpalasbutik.com\/wp-content\/uploads\/2022\/05\/IMG_8062-scaled.jpeg","datePublished":"2022-05-26T19:43:40+00:00","dateModified":"2026-01-31T19:39:30+00:00","description":"Splendid Palas Butik imzal\u0131 Etem Ruhi 1912 X Splendid \u00fcr\u00fcn\u00fcn\u00fc hemen sat\u0131n almak i\u00e7in t\u0131klay\u0131n. %","breadcrumb":{"@id":"https:\/\/www.splendidpalasbutik.com\/urun\/etem-ruhi-1912-x-splendid\/#breadcrumb"},"inLanguage":"en-US","potentialAction":[{"@type":"ReadAction","target":["https:\/\/www.splendidpalasbutik.com\/urun\/etem-ruhi-1912-x-splendid\/"]}]},{"@type":"ImageObject","inLanguage":"en-US","@id":"https:\/\/www.splendidpalasbutik.com\/urun\/etem-ruhi-1912-x-splendid\/#primaryimage","url":"https:\/\/www.splendidpalasbutik.com\/wp-content\/uploads\/2022\/05\/IMG_8062-scaled.jpeg","contentUrl":"https:\/\/www.splendidpalasbutik.com\/wp-content\/uploads\/2022\/05\/IMG_8062-scaled.jpeg","width":1920,"height":2560},{"@type":"BreadcrumbList","@id":"https:\/\/www.splendidpalasbutik.com\/urun\/etem-ruhi-1912-x-splendid\/#breadcrumb","itemListElement":[{"@type":"ListItem","position":1,"name":"Anasayfa","item":"https:\/\/www.splendidpalasbutik.com\/"},{"@type":"ListItem","position":2,"name":"Ma\u011faza","item":"https:\/\/www.splendidpalasbutik.com\/magaza\/"},{"@type":"ListItem","position":3,"name":"Etem Ruhi 1912 X Splendid"}]},{"@type":"WebSite","@id":"https:\/\/www.splendidpalasbutik.com\/#website","url":"https:\/\/www.splendidpalasbutik.com\/","name":"Splendid Palas Butik","description":"Discover the splendid way of life!","publisher":{"@id":"https:\/\/www.splendidpalasbutik.com\/#organization"},"potentialAction":[{"@type":"SearchAction","target":{"@type":"EntryPoint","urlTemplate":"https:\/\/www.splendidpalasbutik.com\/?s={search_term_string}"},"query-input":{"@type":"PropertyValueSpecification","valueRequired":true,"valueName":"search_term_string"}}],"inLanguage":"en-US"},{"@type":"Organization","@id":"https:\/\/www.splendidpalasbutik.com\/#organization","name":"Splendid Palas Butik","url":"https:\/\/www.splendidpalasbutik.com\/","logo":{"@type":"ImageObject","inLanguage":"en-US","@id":"https:\/\/www.splendidpalasbutik.com\/#\/schema\/logo\/image\/","url":"https:\/\/www.splendidpalasbutik.com\/wp-content\/uploads\/2022\/05\/spmailheader.png","contentUrl":"https:\/\/www.splendidpalasbutik.com\/wp-content\/uploads\/2022\/05\/spmailheader.png","width":600,"height":243,"caption":"Splendid Palas Butik"},"image":{"@id":"https:\/\/www.splendidpalasbutik.com\/#\/schema\/logo\/image\/"},"sameAs":["https:\/\/www.instagram.com\/splendidpalasbutik\/"]}]}},"jetpack_sharing_enabled":true,"acf":[],"_links":{"self":[{"href":"https:\/\/www.splendidpalasbutik.com\/en\/wp-json\/wp\/v2\/product\/5799","targetHints":{"allow":["GET"]}}],"collection":[{"href":"https:\/\/www.splendidpalasbutik.com\/en\/wp-json\/wp\/v2\/product"}],"about":[{"href":"https:\/\/www.splendidpalasbutik.com\/en\/wp-json\/wp\/v2\/types\/product"}],"replies":[{"embeddable":true,"href":"https:\/\/www.splendidpalasbutik.com\/en\/wp-json\/wp\/v2\/comments?post=5799"}],"wp:featuredmedia":[{"embeddable":true,"href":"https:\/\/www.splendidpalasbutik.com\/en\/wp-json\/wp\/v2\/media\/5803"}],"wp:attachment":[{"href":"https:\/\/www.splendidpalasbutik.com\/en\/wp-json\/wp\/v2\/media?parent=5799"}],"wp:term":[{"taxonomy":"product_brand","embeddable":true,"href":"https:\/\/www.splendidpalasbutik.com\/en\/wp-json\/wp\/v2\/product_brand?post=5799"},{"taxonomy":"product_cat","embeddable":true,"href":"https:\/\/www.splendidpalasbutik.com\/en\/wp-json\/wp\/v2\/product_cat?post=5799"},{"taxonomy":"product_tag","embeddable":true,"href":"https:\/\/www.splendidpalasbutik.com\/en\/wp-json\/wp\/v2\/product_tag?post=5799"}],"curies":[{"name":"wp","href":"https:\/\/api.w.org\/{rel}","templated":true}]}}