{"id":10509,"date":"2024-07-28T17:20:56","date_gmt":"2024-07-28T14:20:56","guid":{"rendered":"https:\/\/www.splendidpalasbutik.com\/?post_type=product&#038;p=10509"},"modified":"2025-12-23T20:43:46","modified_gmt":"2025-12-23T17:43:46","slug":"splendid-x-gorgo-iruka-voyage-collection-fincan","status":"publish","type":"product","link":"https:\/\/www.splendidpalasbutik.com\/en\/urun\/splendid-x-gorgo-iruka-voyage-collection-fincan\/","title":{"rendered":"Splendid x Gorgo Iruka Voyage Collection &#8211; Kahve Fincan\u0131"},"content":{"rendered":"<p class=\"p1\"><span class=\"s1\"><strong>Splendid x Gorgo Iruka -\u0130yi Yolculuklar Koleksiyonu &#8211; \u0130konik K\u00fcll\u00fck, Mini tepsi<\/strong><\/span><\/p>\n<p class=\"p1\">Splendid Palas ilham\u0131 ile Gorgo Iruka tasar\u0131m\u0131 Porselen Fincan seti<\/p>\n<p class=\"p1\">Ev dekorasyonu ve sofra tak\u0131mlar\u0131 konusundaki benzersiz yakla\u015f\u0131m\u0131yla, Gorgo Iruka taraf\u0131ndan tasarlanan ve Wes Anderson&#8217;\u0131n b\u00fcy\u00fcleyici d\u00fcnyas\u0131ndan ilham alan bu e\u015fsiz koleksiyon, otelin ikonik kubbelerini stilize edilmi\u015f posta pullar\u0131na d\u00f6n\u00fc\u015ft\u00fcrerek deniz yolculu\u011funun \u00f6z\u00fcn\u00fc yakal\u0131yor.<\/p>\n<p>Splendid x Gorgo Iruka<br \/>\nVoyage Kahve Fincan\u0131 2\u2019li (Hediye Kutulu)<br \/>\nPaket \u0130\u00e7eri\u011fi: Kahve Fincan\u0131 ve Taba\u011f\u0131 (2 adet)<br \/>\nHacim: 90ml<br \/>\n<em>Bula\u015f\u0131k makinesinde y\u0131kanabilir.<\/em><\/p>\n","protected":false},"excerpt":{"rendered":"<p class=\"p1\">Splendid Palas ilham\u0131 ile Gorgo Iruka tasar\u0131m\u0131 Kahve fincanlar\u0131, &nbsp;\u00d6zel Hediye kutusunda<\/p>\n<p>Splendid x Gorgo Iruka<br \/>\nVoyage Kahve Fincan\u0131 2\u2019li<br \/>\nPaket \u0130\u00e7eri\u011fi: Kahve Fincan\u0131 ve Taba\u011f\u0131 (2 adet) Porselen<br \/>\nHacim: 90ml<br \/>\nBula\u015f\u0131k makinesinde y\u0131kanabilir.<\/p>\n<p>&nbsp;<\/p>\n","protected":false},"featured_media":10494,"comment_status":"open","ping_status":"closed","template":"","meta":[],"product_brand":[],"product_cat":[24],"product_tag":[67,66,65,62],"class_list":{"0":"post-10509","1":"product","2":"type-product","3":"status-publish","4":"has-post-thumbnail","6":"product_cat-splendid-koleksiyonu","7":"product_tag-espresso","8":"product_tag-fincan","9":"product_tag-kahve","10":"product_tag-porselen","12":"first","13":"outofstock","14":"sold-individually","15":"shipping-taxable","16":"purchasable","17":"product-type-simple"},"yoast_head":"<!-- This site is optimized with the Yoast SEO plugin v25.0 - https:\/\/yoast.com\/wordpress\/plugins\/seo\/ -->\n<title>Splendid x Gorgo Iruka Voyage Collection - Kahve Fincan\u0131 | Splendid Palas Butik<\/title>\n<meta name=\"description\" content=\"Splendid Palas Butik imzal\u0131 Splendid x Gorgo Iruka Voyage Collection - Kahve Fincan\u0131 \u00fcr\u00fcn\u00fcn\u00fc hemen sat\u0131n almak i\u00e7in t\u0131klay\u0131n.\" \/>\n<meta name=\"robots\" content=\"index, follow, max-snippet:-1, max-image-preview:large, max-video-preview:-1\" \/>\n<link rel=\"canonical\" href=\"https:\/\/www.splendidpalasbutik.com\/urun\/splendid-x-gorgo-iruka-voyage-collection-fincan\/\" \/>\n<meta property=\"og:locale\" content=\"en_US\" \/>\n<meta property=\"og:type\" content=\"article\" \/>\n<meta property=\"og:title\" content=\"Splendid x Gorgo Iruka Voyage Collection - Kahve Fincan\u0131 | Splendid Palas Butik\" \/>\n<meta property=\"og:description\" content=\"Splendid Palas Butik imzal\u0131 Splendid x Gorgo Iruka Voyage Collection - Kahve Fincan\u0131 \u00fcr\u00fcn\u00fcn\u00fc hemen sat\u0131n almak i\u00e7in t\u0131klay\u0131n.\" \/>\n<meta property=\"og:url\" content=\"https:\/\/www.splendidpalasbutik.com\/urun\/splendid-x-gorgo-iruka-voyage-collection-fincan\/\" \/>\n<meta property=\"og:site_name\" content=\"Splendid Palas Butik\" \/>\n<meta property=\"article:modified_time\" content=\"2025-12-23T17:43:46+00:00\" \/>\n<meta property=\"og:image\" content=\"https:\/\/www.splendidpalasbutik.com\/wp-content\/uploads\/2022\/10\/1ee5efb4-859d-449d-ac0c-25719c182a30.jpg\" \/>\n\t<meta property=\"og:image:width\" content=\"1638\" \/>\n\t<meta property=\"og:image:height\" content=\"2048\" \/>\n\t<meta property=\"og:image:type\" content=\"image\/jpeg\" \/>\n<meta name=\"twitter:card\" content=\"summary_large_image\" \/>\n<meta name=\"twitter:label1\" content=\"Est. reading time\" \/>\n\t<meta name=\"twitter:data1\" content=\"1 minute\" \/>\n<script type=\"application\/ld+json\" class=\"yoast-schema-graph\">{\"@context\":\"https:\/\/schema.org\",\"@graph\":[{\"@type\":\"WebPage\",\"@id\":\"https:\/\/www.splendidpalasbutik.com\/urun\/splendid-x-gorgo-iruka-voyage-collection-fincan\/\",\"url\":\"https:\/\/www.splendidpalasbutik.com\/urun\/splendid-x-gorgo-iruka-voyage-collection-fincan\/\",\"name\":\"Splendid x Gorgo Iruka Voyage Collection - Kahve Fincan\u0131 | Splendid Palas Butik\",\"isPartOf\":{\"@id\":\"https:\/\/www.splendidpalasbutik.com\/#website\"},\"primaryImageOfPage\":{\"@id\":\"https:\/\/www.splendidpalasbutik.com\/urun\/splendid-x-gorgo-iruka-voyage-collection-fincan\/#primaryimage\"},\"image\":{\"@id\":\"https:\/\/www.splendidpalasbutik.com\/urun\/splendid-x-gorgo-iruka-voyage-collection-fincan\/#primaryimage\"},\"thumbnailUrl\":\"https:\/\/www.splendidpalasbutik.com\/wp-content\/uploads\/2022\/10\/1ee5efb4-859d-449d-ac0c-25719c182a30.jpg\",\"datePublished\":\"2024-07-28T14:20:56+00:00\",\"dateModified\":\"2025-12-23T17:43:46+00:00\",\"description\":\"Splendid Palas Butik imzal\u0131 Splendid x Gorgo Iruka Voyage Collection - Kahve Fincan\u0131 \u00fcr\u00fcn\u00fcn\u00fc hemen sat\u0131n almak i\u00e7in t\u0131klay\u0131n.\",\"breadcrumb\":{\"@id\":\"https:\/\/www.splendidpalasbutik.com\/urun\/splendid-x-gorgo-iruka-voyage-collection-fincan\/#breadcrumb\"},\"inLanguage\":\"en-US\",\"potentialAction\":[{\"@type\":\"ReadAction\",\"target\":[\"https:\/\/www.splendidpalasbutik.com\/urun\/splendid-x-gorgo-iruka-voyage-collection-fincan\/\"]}]},{\"@type\":\"ImageObject\",\"inLanguage\":\"en-US\",\"@id\":\"https:\/\/www.splendidpalasbutik.com\/urun\/splendid-x-gorgo-iruka-voyage-collection-fincan\/#primaryimage\",\"url\":\"https:\/\/www.splendidpalasbutik.com\/wp-content\/uploads\/2022\/10\/1ee5efb4-859d-449d-ac0c-25719c182a30.jpg\",\"contentUrl\":\"https:\/\/www.splendidpalasbutik.com\/wp-content\/uploads\/2022\/10\/1ee5efb4-859d-449d-ac0c-25719c182a30.jpg\",\"width\":1638,\"height\":2048},{\"@type\":\"BreadcrumbList\",\"@id\":\"https:\/\/www.splendidpalasbutik.com\/urun\/splendid-x-gorgo-iruka-voyage-collection-fincan\/#breadcrumb\",\"itemListElement\":[{\"@type\":\"ListItem\",\"position\":1,\"name\":\"Anasayfa\",\"item\":\"https:\/\/www.splendidpalasbutik.com\/\"},{\"@type\":\"ListItem\",\"position\":2,\"name\":\"Ma\u011faza\",\"item\":\"https:\/\/www.splendidpalasbutik.com\/magaza\/\"},{\"@type\":\"ListItem\",\"position\":3,\"name\":\"Splendid x Gorgo Iruka Voyage Collection &#8211; Kahve Fincan\u0131\"}]},{\"@type\":\"WebSite\",\"@id\":\"https:\/\/www.splendidpalasbutik.com\/#website\",\"url\":\"https:\/\/www.splendidpalasbutik.com\/\",\"name\":\"Splendid Palas Butik\",\"description\":\"Discover the splendid way of life!\",\"publisher\":{\"@id\":\"https:\/\/www.splendidpalasbutik.com\/#organization\"},\"potentialAction\":[{\"@type\":\"SearchAction\",\"target\":{\"@type\":\"EntryPoint\",\"urlTemplate\":\"https:\/\/www.splendidpalasbutik.com\/?s={search_term_string}\"},\"query-input\":{\"@type\":\"PropertyValueSpecification\",\"valueRequired\":true,\"valueName\":\"search_term_string\"}}],\"inLanguage\":\"en-US\"},{\"@type\":\"Organization\",\"@id\":\"https:\/\/www.splendidpalasbutik.com\/#organization\",\"name\":\"Splendid Palas Butik\",\"url\":\"https:\/\/www.splendidpalasbutik.com\/\",\"logo\":{\"@type\":\"ImageObject\",\"inLanguage\":\"en-US\",\"@id\":\"https:\/\/www.splendidpalasbutik.com\/#\/schema\/logo\/image\/\",\"url\":\"https:\/\/www.splendidpalasbutik.com\/wp-content\/uploads\/2022\/05\/spmailheader.png\",\"contentUrl\":\"https:\/\/www.splendidpalasbutik.com\/wp-content\/uploads\/2022\/05\/spmailheader.png\",\"width\":600,\"height\":243,\"caption\":\"Splendid Palas Butik\"},\"image\":{\"@id\":\"https:\/\/www.splendidpalasbutik.com\/#\/schema\/logo\/image\/\"},\"sameAs\":[\"https:\/\/www.instagram.com\/splendidpalasbutik\/\"]}]}<\/script>\n<!-- \/ Yoast SEO plugin. -->","yoast_head_json":{"title":"Splendid x Gorgo Iruka Voyage Collection - Kahve Fincan\u0131 | Splendid Palas Butik","description":"Splendid Palas Butik imzal\u0131 Splendid x Gorgo Iruka Voyage Collection - Kahve Fincan\u0131 \u00fcr\u00fcn\u00fcn\u00fc hemen sat\u0131n almak i\u00e7in t\u0131klay\u0131n.","robots":{"index":"index","follow":"follow","max-snippet":"max-snippet:-1","max-image-preview":"max-image-preview:large","max-video-preview":"max-video-preview:-1"},"canonical":"https:\/\/www.splendidpalasbutik.com\/urun\/splendid-x-gorgo-iruka-voyage-collection-fincan\/","og_locale":"en_US","og_type":"article","og_title":"Splendid x Gorgo Iruka Voyage Collection - Kahve Fincan\u0131 | Splendid Palas Butik","og_description":"Splendid Palas Butik imzal\u0131 Splendid x Gorgo Iruka Voyage Collection - Kahve Fincan\u0131 \u00fcr\u00fcn\u00fcn\u00fc hemen sat\u0131n almak i\u00e7in t\u0131klay\u0131n.","og_url":"https:\/\/www.splendidpalasbutik.com\/urun\/splendid-x-gorgo-iruka-voyage-collection-fincan\/","og_site_name":"Splendid Palas Butik","article_modified_time":"2025-12-23T17:43:46+00:00","og_image":[{"width":1638,"height":2048,"url":"https:\/\/www.splendidpalasbutik.com\/wp-content\/uploads\/2022\/10\/1ee5efb4-859d-449d-ac0c-25719c182a30.jpg","type":"image\/jpeg"}],"twitter_card":"summary_large_image","twitter_misc":{"Est. reading time":"1 minute"},"schema":{"@context":"https:\/\/schema.org","@graph":[{"@type":"WebPage","@id":"https:\/\/www.splendidpalasbutik.com\/urun\/splendid-x-gorgo-iruka-voyage-collection-fincan\/","url":"https:\/\/www.splendidpalasbutik.com\/urun\/splendid-x-gorgo-iruka-voyage-collection-fincan\/","name":"Splendid x Gorgo Iruka Voyage Collection - Kahve Fincan\u0131 | Splendid Palas Butik","isPartOf":{"@id":"https:\/\/www.splendidpalasbutik.com\/#website"},"primaryImageOfPage":{"@id":"https:\/\/www.splendidpalasbutik.com\/urun\/splendid-x-gorgo-iruka-voyage-collection-fincan\/#primaryimage"},"image":{"@id":"https:\/\/www.splendidpalasbutik.com\/urun\/splendid-x-gorgo-iruka-voyage-collection-fincan\/#primaryimage"},"thumbnailUrl":"https:\/\/www.splendidpalasbutik.com\/wp-content\/uploads\/2022\/10\/1ee5efb4-859d-449d-ac0c-25719c182a30.jpg","datePublished":"2024-07-28T14:20:56+00:00","dateModified":"2025-12-23T17:43:46+00:00","description":"Splendid Palas Butik imzal\u0131 Splendid x Gorgo Iruka Voyage Collection - Kahve Fincan\u0131 \u00fcr\u00fcn\u00fcn\u00fc hemen sat\u0131n almak i\u00e7in t\u0131klay\u0131n.","breadcrumb":{"@id":"https:\/\/www.splendidpalasbutik.com\/urun\/splendid-x-gorgo-iruka-voyage-collection-fincan\/#breadcrumb"},"inLanguage":"en-US","potentialAction":[{"@type":"ReadAction","target":["https:\/\/www.splendidpalasbutik.com\/urun\/splendid-x-gorgo-iruka-voyage-collection-fincan\/"]}]},{"@type":"ImageObject","inLanguage":"en-US","@id":"https:\/\/www.splendidpalasbutik.com\/urun\/splendid-x-gorgo-iruka-voyage-collection-fincan\/#primaryimage","url":"https:\/\/www.splendidpalasbutik.com\/wp-content\/uploads\/2022\/10\/1ee5efb4-859d-449d-ac0c-25719c182a30.jpg","contentUrl":"https:\/\/www.splendidpalasbutik.com\/wp-content\/uploads\/2022\/10\/1ee5efb4-859d-449d-ac0c-25719c182a30.jpg","width":1638,"height":2048},{"@type":"BreadcrumbList","@id":"https:\/\/www.splendidpalasbutik.com\/urun\/splendid-x-gorgo-iruka-voyage-collection-fincan\/#breadcrumb","itemListElement":[{"@type":"ListItem","position":1,"name":"Anasayfa","item":"https:\/\/www.splendidpalasbutik.com\/"},{"@type":"ListItem","position":2,"name":"Ma\u011faza","item":"https:\/\/www.splendidpalasbutik.com\/magaza\/"},{"@type":"ListItem","position":3,"name":"Splendid x Gorgo Iruka Voyage Collection &#8211; Kahve Fincan\u0131"}]},{"@type":"WebSite","@id":"https:\/\/www.splendidpalasbutik.com\/#website","url":"https:\/\/www.splendidpalasbutik.com\/","name":"Splendid Palas Butik","description":"Discover the splendid way of life!","publisher":{"@id":"https:\/\/www.splendidpalasbutik.com\/#organization"},"potentialAction":[{"@type":"SearchAction","target":{"@type":"EntryPoint","urlTemplate":"https:\/\/www.splendidpalasbutik.com\/?s={search_term_string}"},"query-input":{"@type":"PropertyValueSpecification","valueRequired":true,"valueName":"search_term_string"}}],"inLanguage":"en-US"},{"@type":"Organization","@id":"https:\/\/www.splendidpalasbutik.com\/#organization","name":"Splendid Palas Butik","url":"https:\/\/www.splendidpalasbutik.com\/","logo":{"@type":"ImageObject","inLanguage":"en-US","@id":"https:\/\/www.splendidpalasbutik.com\/#\/schema\/logo\/image\/","url":"https:\/\/www.splendidpalasbutik.com\/wp-content\/uploads\/2022\/05\/spmailheader.png","contentUrl":"https:\/\/www.splendidpalasbutik.com\/wp-content\/uploads\/2022\/05\/spmailheader.png","width":600,"height":243,"caption":"Splendid Palas Butik"},"image":{"@id":"https:\/\/www.splendidpalasbutik.com\/#\/schema\/logo\/image\/"},"sameAs":["https:\/\/www.instagram.com\/splendidpalasbutik\/"]}]}},"jetpack_sharing_enabled":true,"acf":[],"_links":{"self":[{"href":"https:\/\/www.splendidpalasbutik.com\/en\/wp-json\/wp\/v2\/product\/10509","targetHints":{"allow":["GET"]}}],"collection":[{"href":"https:\/\/www.splendidpalasbutik.com\/en\/wp-json\/wp\/v2\/product"}],"about":[{"href":"https:\/\/www.splendidpalasbutik.com\/en\/wp-json\/wp\/v2\/types\/product"}],"replies":[{"embeddable":true,"href":"https:\/\/www.splendidpalasbutik.com\/en\/wp-json\/wp\/v2\/comments?post=10509"}],"wp:featuredmedia":[{"embeddable":true,"href":"https:\/\/www.splendidpalasbutik.com\/en\/wp-json\/wp\/v2\/media\/10494"}],"wp:attachment":[{"href":"https:\/\/www.splendidpalasbutik.com\/en\/wp-json\/wp\/v2\/media?parent=10509"}],"wp:term":[{"taxonomy":"product_brand","embeddable":true,"href":"https:\/\/www.splendidpalasbutik.com\/en\/wp-json\/wp\/v2\/product_brand?post=10509"},{"taxonomy":"product_cat","embeddable":true,"href":"https:\/\/www.splendidpalasbutik.com\/en\/wp-json\/wp\/v2\/product_cat?post=10509"},{"taxonomy":"product_tag","embeddable":true,"href":"https:\/\/www.splendidpalasbutik.com\/en\/wp-json\/wp\/v2\/product_tag?post=10509"}],"curies":[{"name":"wp","href":"https:\/\/api.w.org\/{rel}","templated":true}]}}