{"id":641,"date":"2022-03-21T11:31:02","date_gmt":"2022-03-21T08:31:02","guid":{"rendered":"https:\/\/www.splendidpalasbutik.com\/cancellation-and-refunds-policy\/"},"modified":"2022-03-21T11:31:02","modified_gmt":"2022-03-21T08:31:02","slug":"cancellation-and-refunds-policy","status":"publish","type":"page","link":"https:\/\/www.splendidpalasbutik.com\/en\/cancellation-and-refunds-policy\/","title":{"rendered":"Cancellation and Refunds Policy"},"content":{"rendered":"<p>Splendidpalasbutik.com bilgilerinizin g\u00fcvenli\u011fini sa\u011flamak i\u00e7in en g\u00fcvenli \u015fifreleme sistemi olan SSL (Secure Sockets Layer) teknolojisi kullanmaktad\u0131r. SSL teknolojisi, internet \u00fczerinden yapt\u0131\u011f\u0131n\u0131z al\u0131\u015fveri\u015flerde \u015fahsi bilgilerinizi \u015fifreleyerek g\u00fcvence alt\u0131na al\u0131r, ba\u015fkalar\u0131n\u0131n eline ge\u00e7mesini engeller.<\/p>\n<p>Kredi kart\u0131 bilgileriniz sipari\u015f i\u015flemi ger\u00e7ekle\u015ftirilirken do\u011frudan bankaya g\u00f6nderilmekte, veri taban\u0131m\u0131zda saklanmamaktad\u0131r.<\/p>\n<p>Splendidpalasbutik.com \u015fahsi bilgilerinizin \u00fc\u00e7\u00fcnc\u00fc \u015fah\u0131s ve kurumlarla payla\u015f\u0131lmas\u0131na izin vermez. Ki\u015fisel bilgilerinizin kullan\u0131m\u0131yla ilgili daha detayl\u0131 bilgiye Gizlilik \u0130lkeleri b\u00f6l\u00fcm\u00fcnden ula\u015fabilirsiniz.<\/p>\n<p><strong>\u0130ade<\/strong><\/p>\n<p>\u0130ade i\u015fleminizin ba\u015flat\u0131lmas\u0131 i\u00e7in 0216 3826950<strong> numaral\u0131 telefondan arayarak ya da <\/strong>info@splendidpalasbutik.com <strong>adresimize mail g\u00f6ndererek bilgi vermeniz gerekmektedir.<\/strong><br \/>\nBilgi verdikten sonra iade etmek istedi\u011finiz \u00fcr\u00fcn\u00fc hasars\u0131z orijinal ambalaj\u0131nda, etiketleri \u00e7\u0131kar\u0131lmam\u0131\u015f ve kullan\u0131lmam\u0131\u015f olarak, i\u00e7ine size g\u00f6nderilen faturay\u0131 koyarak veya e fatura ise emailinize ekleyerek, g\u00fcvenli bir \u015fekilde paketleyin ve paketinizi anla\u015fmal\u0131 oldu\u011fumuz Yurti\u00e7i Kargo ile kar\u015f\u0131 \u00f6demeli olarak \u00fccretsiz olarak g\u00f6nderin. Yurti\u00e7i Kargo d\u0131\u015f\u0131ndaki firmalar ile yap\u0131lan g\u00f6nderilerin \u00fccreti taraf\u0131n\u0131za aittir.<\/p>\n<p>\u00dcr\u00fcn\u00fcn\u00fcz\u00fcn iade ko\u015fullar\u0131na uygunlu\u011fu taraf\u0131m\u0131zca kontrol edildikten sonra iade i\u015fleminin durumu size email ile iletilir. Emailinize g\u00f6nderilen onay emailinden itibaren 3-10 i\u015f g\u00fcn\u00fc i\u00e7inde taraf\u0131n\u0131za geri \u00f6denir. \u0130adenizin, iade ko\u015fullar\u0131na uygun olmamas\u0131 durumunda ise; ilgili \u00fcr\u00fcn adresinize kargo ile \u00fccretsiz olarak geri g\u00f6nderilir.<\/p>\n<p><strong>\u0130ade Adresi: Splendid Palas Butik 23 Nisan cad no 39, B\u00fcy\u00fckada 34970 \u0130stanbul <\/strong><\/p>\n<p><strong>De\u011fi\u015fim<\/strong><\/p>\n<p>De\u011fi\u015fim sadece ayn\u0131 model \u00fcr\u00fcnlerde ve renk, beden, numara de\u011fi\u015fikli\u011fi \u015feklinde yap\u0131lmaktad\u0131r. Farkl\u0131 bir \u00fcr\u00fcn ile de\u011fi\u015fim yap\u0131lmamaktad\u0131r.<\/p>\n<p>www.splendidpalasbutik.com\u2019dan sat\u0131n ald\u0131\u011f\u0131n\u0131z \u00fcr\u00fcnleri, sipari\u015f tarihinden itibaren <strong>30 g\u00fcn<\/strong> i\u00e7inde bir ba\u015fka bedenle de\u011fi\u015ftirebilir veya <strong>15 g\u00fcn<\/strong> i\u00e7inde iade talebinde bulunabilirsiniz. \u00dcr\u00fcnlerin etiketlerinin \u00fczerlerinde olmas\u0131 ve kullan\u0131lmam\u0131\u015f olmalar\u0131 gereklidir.<\/p>\n<p>&nbsp;<\/p>\n<p>De\u011fi\u015fim 0216 3826950<strong> numaral\u0131 telefondan arayarak ya da <\/strong>info@splendidpalasbutik.com <strong>adresimize mail g\u00f6ndererek bilgi vermeniz gerekmektedir.<\/strong><\/p>\n<p>Bilgi verdikten sonra iade etmek istedi\u011finiz \u00fcr\u00fcn\u00fc hasars\u0131z orijinal ambalaj\u0131nda, etiketleri \u00e7\u0131kar\u0131lmam\u0131\u015f ve kullan\u0131lmam\u0131\u015f olarak, i\u00e7ine size g\u00f6nderilen faturay\u0131 koyarak veya e fatura ise emailinize ekleyerek, g\u00fcvenli bir \u015fekilde paketleyin ve paketinizi anla\u015fmal\u0131 oldu\u011fumuz Yurti\u00e7i Kargo ile kar\u015f\u0131 \u00f6demeli olarak \u00fccretsiz olarak g\u00f6nderin. Yurti\u00e7i Kargo d\u0131\u015f\u0131ndaki firmalar ile yap\u0131lan g\u00f6nderilerin \u00fccreti taraf\u0131n\u0131za aittir.<\/p>\n<p>\u00dcr\u00fcn\u00fcn\u00fcz\u00fcn de\u011fi\u015fim ko\u015fullar\u0131na uygunlu\u011fu taraf\u0131m\u0131zca kontrol edildikten sonra de\u011fi\u015fim i\u015fleminin durumu size email ile iletilir. \u0130stedi\u011finiz \u00fcr\u00fcn stoklar\u0131m\u0131zda mevcut ise 3 i\u015f g\u00fcn\u00fc i\u00e7erisinde size kargo ile \u00fccretsiz olarak g\u00f6nderilecektir. \u00dcr\u00fcn stoklarda yok ise \u00f6dedi\u011finiz \u00fccret \u00f6deme \u015feklinize g\u00f6re hesab\u0131n\u0131za 3-10 i\u015f g\u00fcn\u00fc i\u00e7inde geri \u00f6denecektir.<br \/>\n<strong>De\u011fi\u015fim Adresi: Splendid Palas Butik 23 Nisan cad no 39, B\u00fcy\u00fckada 34970 Istanbul <\/strong><\/p>\n<p><strong> <\/strong><\/p>\n<p><strong>\u0130ade ve De\u011fi\u015fim \u015eartlar\u0131<\/strong><\/p>\n<ul>\n<li>\u0130ade edilen \u00fcr\u00fcnler hasars\u0131z orijinal kutusunda ve kullan\u0131lmam\u0131\u015f olmal\u0131d\u0131r.<\/li>\n<li>Etiketleri \u00e7\u0131kar\u0131lmam\u0131\u015f olmal\u0131d\u0131r.<\/li>\n<li>Hijyen a\u00e7\u0131s\u0131ndan i\u00e7 giyim, mayo, bikini, \u00e7orap, kulakl\u0131k, k\u00fcpe, yoga mat\u0131, havlu i\u00e7 \u00e7ama\u015f\u0131r torbas\u0131 gibi \u00fcr\u00fcnlerin iade\/de\u011fi\u015fimleri yap\u0131lmamaktad\u0131r.<\/li>\n<li>Uluslararas\u0131 sipari\u015flerde iade kabul edilmemektedir.<\/li>\n<li>Kozmetik ve ki\u015fisel bak\u0131m \u00fcr\u00fcnlerinde iade &amp; de\u011fi\u015fim yap\u0131lmamaktad\u0131r.<\/li>\n<li>\u00dcr\u00fcnlerin herhangi ek aksesuarlar\u0131 varsa mutlaka hasars\u0131z olarak orijinal kutusunda g\u00f6nderilmelidir.<\/li>\n<\/ul>\n<p>&nbsp;<\/p>\n<p><strong>Geri \u00d6demeler<\/strong><\/p>\n<p>Geri \u00f6demeler iadenizin taraf\u0131m\u0131zdan teslim al\u0131nd\u0131\u011f\u0131 tarih itibariyle bankan\u0131za ba\u011fl\u0131 olarak 10 i\u015f g\u00fcn\u00fc i\u00e7inde ger\u00e7ekle\u015ftirilecektir. \u0130ade edilen \u00fcr\u00fcnlerin durumu incelendikten sonra size e-posta ile bilgi verilecektir. Geri \u00f6deme, \u00fcr\u00fcn\u00fc sat\u0131n al\u0131rken kulland\u0131\u011f\u0131n\u0131z \u00f6deme y\u00f6ntemi ile ayn\u0131 \u015fekilde yap\u0131lacakt\u0131r. \u00d6demenizi havale\/EFT ile yapt\u0131ysan\u0131z banka hesab\u0131n\u0131za, \u00f6demenizi kredi kart\u0131n\u0131zla yapt\u0131ysan\u0131z kredi kart\u0131n\u0131za yap\u0131lacakt\u0131r.<\/p>\n","protected":false},"excerpt":{"rendered":"<p>Splendidpalasbutik.com bilgilerinizin g\u00fcvenli\u011fini sa\u011flamak i\u00e7in en g\u00fcvenli \u015fifreleme sistemi olan SSL (Secure Sockets Layer) teknolojisi kullanmaktad\u0131r. SSL teknolojisi, internet \u00fczerinden<\/p>\n","protected":false},"author":1,"featured_media":0,"parent":0,"menu_order":0,"comment_status":"closed","ping_status":"closed","template":"","meta":{"footnotes":""},"class_list":["post-641","page","type-page","status-publish","hentry"],"yoast_head":"<!-- This site is optimized with the Yoast SEO plugin v25.0 - https:\/\/yoast.com\/wordpress\/plugins\/seo\/ -->\n<title>Cancellation and Refunds Policy | Splendid Palas Butik<\/title>\n<meta name=\"description\" content=\"View the cancellation policy.\" \/>\n<meta name=\"robots\" content=\"index, follow, max-snippet:-1, max-image-preview:large, max-video-preview:-1\" \/>\n<link rel=\"canonical\" href=\"https:\/\/www.splendidpalasbutik.com\/iptal-ve-iade-kosullari\/\" \/>\n<meta property=\"og:locale\" content=\"en_US\" \/>\n<meta property=\"og:type\" content=\"article\" \/>\n<meta property=\"og:title\" content=\"Cancellation and Refunds Policy | Splendid Palas Butik\" \/>\n<meta property=\"og:description\" content=\"View the cancellation policy.\" \/>\n<meta property=\"og:url\" content=\"https:\/\/www.splendidpalasbutik.com\/iptal-ve-iade-kosullari\/\" \/>\n<meta property=\"og:site_name\" content=\"Splendid Palas Butik\" \/>\n<meta property=\"og:image\" content=\"https:\/\/www.splendidpalasbutik.com\/wp-content\/uploads\/2022\/01\/714A0285-scaled.jpg\" \/>\n\t<meta property=\"og:image:width\" content=\"1920\" \/>\n\t<meta property=\"og:image:height\" content=\"1280\" \/>\n\t<meta property=\"og:image:type\" content=\"image\/jpeg\" \/>\n<meta name=\"twitter:card\" content=\"summary_large_image\" \/>\n<meta name=\"twitter:label1\" content=\"Est. reading time\" \/>\n\t<meta name=\"twitter:data1\" content=\"4 minutes\" \/>\n<script type=\"application\/ld+json\" class=\"yoast-schema-graph\">{\"@context\":\"https:\/\/schema.org\",\"@graph\":[{\"@type\":\"WebPage\",\"@id\":\"https:\/\/www.splendidpalasbutik.com\/iptal-ve-iade-kosullari\/\",\"url\":\"https:\/\/www.splendidpalasbutik.com\/iptal-ve-iade-kosullari\/\",\"name\":\"Cancellation and Refunds Policy | Splendid Palas Butik\",\"isPartOf\":{\"@id\":\"https:\/\/www.splendidpalasbutik.com\/#website\"},\"datePublished\":\"2022-03-21T08:31:02+00:00\",\"description\":\"View the cancellation policy.\",\"breadcrumb\":{\"@id\":\"https:\/\/www.splendidpalasbutik.com\/iptal-ve-iade-kosullari\/#breadcrumb\"},\"inLanguage\":\"en-US\",\"potentialAction\":[{\"@type\":\"ReadAction\",\"target\":[\"https:\/\/www.splendidpalasbutik.com\/iptal-ve-iade-kosullari\/\"]}]},{\"@type\":\"BreadcrumbList\",\"@id\":\"https:\/\/www.splendidpalasbutik.com\/iptal-ve-iade-kosullari\/#breadcrumb\",\"itemListElement\":[{\"@type\":\"ListItem\",\"position\":1,\"name\":\"Anasayfa\",\"item\":\"https:\/\/www.splendidpalasbutik.com\/\"},{\"@type\":\"ListItem\",\"position\":2,\"name\":\"Cancellation and Refunds Policy\"}]},{\"@type\":\"WebSite\",\"@id\":\"https:\/\/www.splendidpalasbutik.com\/#website\",\"url\":\"https:\/\/www.splendidpalasbutik.com\/\",\"name\":\"Splendid Palas Butik\",\"description\":\"Discover the splendid way of life!\",\"publisher\":{\"@id\":\"https:\/\/www.splendidpalasbutik.com\/#organization\"},\"potentialAction\":[{\"@type\":\"SearchAction\",\"target\":{\"@type\":\"EntryPoint\",\"urlTemplate\":\"https:\/\/www.splendidpalasbutik.com\/?s={search_term_string}\"},\"query-input\":{\"@type\":\"PropertyValueSpecification\",\"valueRequired\":true,\"valueName\":\"search_term_string\"}}],\"inLanguage\":\"en-US\"},{\"@type\":\"Organization\",\"@id\":\"https:\/\/www.splendidpalasbutik.com\/#organization\",\"name\":\"Splendid Palas Butik\",\"url\":\"https:\/\/www.splendidpalasbutik.com\/\",\"logo\":{\"@type\":\"ImageObject\",\"inLanguage\":\"en-US\",\"@id\":\"https:\/\/www.splendidpalasbutik.com\/#\/schema\/logo\/image\/\",\"url\":\"https:\/\/www.splendidpalasbutik.com\/wp-content\/uploads\/2022\/05\/spmailheader.png\",\"contentUrl\":\"https:\/\/www.splendidpalasbutik.com\/wp-content\/uploads\/2022\/05\/spmailheader.png\",\"width\":600,\"height\":243,\"caption\":\"Splendid Palas Butik\"},\"image\":{\"@id\":\"https:\/\/www.splendidpalasbutik.com\/#\/schema\/logo\/image\/\"},\"sameAs\":[\"https:\/\/www.instagram.com\/splendidpalasbutik\/\"]}]}<\/script>\n<!-- \/ Yoast SEO plugin. -->","yoast_head_json":{"title":"Cancellation and Refunds Policy | Splendid Palas Butik","description":"View the cancellation policy.","robots":{"index":"index","follow":"follow","max-snippet":"max-snippet:-1","max-image-preview":"max-image-preview:large","max-video-preview":"max-video-preview:-1"},"canonical":"https:\/\/www.splendidpalasbutik.com\/iptal-ve-iade-kosullari\/","og_locale":"en_US","og_type":"article","og_title":"Cancellation and Refunds Policy | Splendid Palas Butik","og_description":"View the cancellation policy.","og_url":"https:\/\/www.splendidpalasbutik.com\/iptal-ve-iade-kosullari\/","og_site_name":"Splendid Palas Butik","og_image":[{"width":1920,"height":1280,"url":"https:\/\/www.splendidpalasbutik.com\/wp-content\/uploads\/2022\/01\/714A0285-scaled.jpg","type":"image\/jpeg"}],"twitter_card":"summary_large_image","twitter_misc":{"Est. reading time":"4 minutes"},"schema":{"@context":"https:\/\/schema.org","@graph":[{"@type":"WebPage","@id":"https:\/\/www.splendidpalasbutik.com\/iptal-ve-iade-kosullari\/","url":"https:\/\/www.splendidpalasbutik.com\/iptal-ve-iade-kosullari\/","name":"Cancellation and Refunds Policy | Splendid Palas Butik","isPartOf":{"@id":"https:\/\/www.splendidpalasbutik.com\/#website"},"datePublished":"2022-03-21T08:31:02+00:00","description":"View the cancellation policy.","breadcrumb":{"@id":"https:\/\/www.splendidpalasbutik.com\/iptal-ve-iade-kosullari\/#breadcrumb"},"inLanguage":"en-US","potentialAction":[{"@type":"ReadAction","target":["https:\/\/www.splendidpalasbutik.com\/iptal-ve-iade-kosullari\/"]}]},{"@type":"BreadcrumbList","@id":"https:\/\/www.splendidpalasbutik.com\/iptal-ve-iade-kosullari\/#breadcrumb","itemListElement":[{"@type":"ListItem","position":1,"name":"Anasayfa","item":"https:\/\/www.splendidpalasbutik.com\/"},{"@type":"ListItem","position":2,"name":"Cancellation and Refunds Policy"}]},{"@type":"WebSite","@id":"https:\/\/www.splendidpalasbutik.com\/#website","url":"https:\/\/www.splendidpalasbutik.com\/","name":"Splendid Palas Butik","description":"Discover the splendid way of life!","publisher":{"@id":"https:\/\/www.splendidpalasbutik.com\/#organization"},"potentialAction":[{"@type":"SearchAction","target":{"@type":"EntryPoint","urlTemplate":"https:\/\/www.splendidpalasbutik.com\/?s={search_term_string}"},"query-input":{"@type":"PropertyValueSpecification","valueRequired":true,"valueName":"search_term_string"}}],"inLanguage":"en-US"},{"@type":"Organization","@id":"https:\/\/www.splendidpalasbutik.com\/#organization","name":"Splendid Palas Butik","url":"https:\/\/www.splendidpalasbutik.com\/","logo":{"@type":"ImageObject","inLanguage":"en-US","@id":"https:\/\/www.splendidpalasbutik.com\/#\/schema\/logo\/image\/","url":"https:\/\/www.splendidpalasbutik.com\/wp-content\/uploads\/2022\/05\/spmailheader.png","contentUrl":"https:\/\/www.splendidpalasbutik.com\/wp-content\/uploads\/2022\/05\/spmailheader.png","width":600,"height":243,"caption":"Splendid Palas Butik"},"image":{"@id":"https:\/\/www.splendidpalasbutik.com\/#\/schema\/logo\/image\/"},"sameAs":["https:\/\/www.instagram.com\/splendidpalasbutik\/"]}]}},"jetpack_sharing_enabled":true,"acf":[],"_links":{"self":[{"href":"https:\/\/www.splendidpalasbutik.com\/en\/wp-json\/wp\/v2\/pages\/641","targetHints":{"allow":["GET"]}}],"collection":[{"href":"https:\/\/www.splendidpalasbutik.com\/en\/wp-json\/wp\/v2\/pages"}],"about":[{"href":"https:\/\/www.splendidpalasbutik.com\/en\/wp-json\/wp\/v2\/types\/page"}],"author":[{"embeddable":true,"href":"https:\/\/www.splendidpalasbutik.com\/en\/wp-json\/wp\/v2\/users\/1"}],"replies":[{"embeddable":true,"href":"https:\/\/www.splendidpalasbutik.com\/en\/wp-json\/wp\/v2\/comments?post=641"}],"version-history":[{"count":0,"href":"https:\/\/www.splendidpalasbutik.com\/en\/wp-json\/wp\/v2\/pages\/641\/revisions"}],"wp:attachment":[{"href":"https:\/\/www.splendidpalasbutik.com\/en\/wp-json\/wp\/v2\/media?parent=641"}],"curies":[{"name":"wp","href":"https:\/\/api.w.org\/{rel}","templated":true}]}}