{"id":639,"date":"2022-03-21T11:27:58","date_gmt":"2022-03-21T08:27:58","guid":{"rendered":"https:\/\/www.splendidpalasbutik.com\/distant-sales-contract\/"},"modified":"2022-05-09T22:34:39","modified_gmt":"2022-05-09T19:34:39","slug":"distant-sales-contract","status":"publish","type":"page","link":"https:\/\/www.splendidpalasbutik.com\/en\/distant-sales-contract\/","title":{"rendered":"Distant Sales Contract"},"content":{"rendered":"<p style=\"text-align: center;\"><strong>DISTANT SALES CONTRACT<\/strong><\/p>\n<p><strong>MADDE 1 KONU:<\/strong><br \/>\n\u0130\u015fbu s\u00f6zle\u015fmenin konusu, SATICI\u2019n\u0131n, ALICI\u2019ya sat\u0131\u015f\u0131n\u0131 yapt\u0131\u011f\u0131, a\u015fa\u011f\u0131da nitelikleri ve sat\u0131\u015f fiyat\u0131 belirtilen \u00fcr\u00fcn\u00fcn sat\u0131\u015f\u0131 ve teslimi ile ilgili olarak taraflar\u0131n hak ve y\u00fck\u00fcml\u00fcl\u00fcklerinin kapsamaktad\u0131r.<\/p>\n<p>\u0130\u015fbu Mesafeli Sat\u0131\u015f S\u00f6zle\u015fmesi (\u201cS\u00f6zle\u015fme\u201d) 6502 Say\u0131l\u0131 T\u00fcketicinin Korunmas\u0131 Hakk\u0131nda Kanun (\u201cKanun\u201d) ve Mesafeli S\u00f6zle\u015fmeler Y\u00f6netmeli\u011fi\u2019ne uygun olarak d\u00fczenlenmi\u015ftir. \u0130\u015fbu S\u00f6zle\u015fme\u2019nin taraflar\u0131 i\u015fbu S\u00f6zle\u015fme taht\u0131nda Kanun\u2019dan ve Mesafeli S\u00f6zle\u015fmeler Y\u00f6netmeli\u011fi\u2019nden kaynaklanan y\u00fck\u00fcml\u00fcl\u00fck ve sorumluluklar\u0131n\u0131 bildiklerini ve anlad\u0131klar\u0131n\u0131 kabul ve beyan ederler.<\/p>\n<p>&nbsp;<\/p>\n<p><strong>MADDE 2 SATICI B\u0130LG\u0130LER\u0130:<\/strong><br \/>\n\u00dcnvan\u0131: Turyat Turizm Yat\u0131r\u0131m ve Limited \u015eT\u0130<\/p>\n<p>Adresi: 23 Nisan Cad no 39, B\u00fcy\u00fckada &#8211; Istanbul<\/p>\n<p>Faks: 0216 3826775<br \/>\nE-mail: info@splendidpalasbutik.com<\/p>\n<p>&nbsp;<\/p>\n<p><strong>MADDE 3 S\u00d6ZLE\u015eME KONUSU \u00dcR\u00dcN B\u0130LG\u0130LER\u0130:<\/strong><br \/>\nMal\u0131n\/\u00dcr\u00fcn\u00fcn t\u00fcr\u00fc, miktar\u0131, marka\/modeli, rengi, adedi, sat\u0131\u015f bedeli, \u00f6deme \u015fekli sipari\u015fteki gibidir.<\/p>\n<p>&nbsp;<\/p>\n<p><strong>MADDE 4 MALIN TESL\u0130M\u0130 VE TESL\u0130M \u015eEKL\u0130<\/strong><br \/>\nS\u00f6zle\u015fme ALICI taraf\u0131ndan elektronik ortamda onaylanmakla y\u00fcr\u00fcrl\u00fc\u011fe girmi\u015f olup, ALICI\u2019n\u0131n SATICI\u2019dan sat\u0131n alm\u0131\u015f oldu\u011fu mal veya hizmetin ALICI\u2019ya teslim edilmesiyle ifa edilmi\u015f olur. Mal\/\u00fcr\u00fcn, ALICI\u2019n\u0131n sipari\u015f formunda ve i\u015fbu S\u00f6zle\u015fme\u2019de belirtmi\u015f oldu\u011fu adrese ve belirtilen yetkili ki\u015fi\/ki\u015filere teslim edilecektir.<\/p>\n<p>&nbsp;<\/p>\n<p><strong>MADDE 5 TESL\u0130MAT MASRAFLARI VE \u0130FASI<\/strong><br \/>\nMal\u0131n teslimat masraflar\u0131 aksine bir h\u00fck\u00fcm yoksa ALICI\u2019ya aittir.<br \/>\nMal\u0131n teslimat\u0131; \u00f6demenin ger\u00e7ekle\u015fmesinden sonra taahh\u00fct edilen s\u00fcrede yap\u0131l\u0131r. SATICI, sipari\u015f konusu mal veya hizmetin ediminin yerine getirilmesinin imkans\u0131zla\u015ft\u0131\u011f\u0131 haller sakl\u0131 kalmak kayd\u0131yla, mal veya hizmeti, ALICI taraf\u0131ndan mal veya hizmetin sipari\u015f edilmesinden itibaren 30 (otuz) g\u00fcn i\u00e7inde teslim eder.<br \/>\nHerhangi bir nedenle ALICI taraf\u0131ndan mal veya hizmetin bedeli \u00f6denmez veya yap\u0131lan \u00f6deme banka kay\u0131tlar\u0131nda iptal edilir ise, SATICI mal veya hizmetin teslimi y\u00fck\u00fcml\u00fcl\u00fc\u011f\u00fcnden kurtulmu\u015f kabul edilir.<br \/>\nMal\u0131n SATICI taraf\u0131ndan kargoya verilmesinden sonra ve fakat ALICI taraf\u0131ndan teslim al\u0131nmas\u0131ndan \u00f6nce ALICI taraf\u0131ndan yap\u0131lan sipari\u015f iptallerinde kargo bedelinden ALICI sorumludur.<br \/>\nSipari\u015f konusu mal ya da hizmet ediminin yerine getirilmesinin imkans\u0131zla\u015ft\u0131\u011f\u0131 hallerde SATICI bu durumu \u00f6\u011frendi\u011fi tarihten itibaren 3 (\u00fc\u00e7) g\u00fcn i\u00e7inde ALICI\u2019y\u0131 bilgilendirecek ve varsa teslimat masraflar\u0131 da d\u00e2hil olmak \u00fczere tahsil edilen t\u00fcm \u00f6demeleri bildirim tarihinden itibaren en ge\u00e7 14 (on d\u00f6rt) g\u00fcn i\u00e7inde iade edecektir.<\/p>\n<p>&nbsp;<\/p>\n<p><strong>MADDE 6 ALICI\u2019NIN BEYAN VE TAAHH\u00dcTLER\u0130<\/strong><br \/>\nALICI, Websitesinde yer alan S\u00f6zle\u015fme konusu mal veya hizmetin temel nitelikleri, sat\u0131\u015f fiyat\u0131 ve \u00f6deme \u015fekli ile teslimat ve kargo bedeline ili\u015fkin olarak SATICI taraf\u0131ndan y\u00fcklenen \u00f6n bilgileri okuyup bilgi sahibi oldu\u011funu ve elektronik ortamda gerekli teyidi verdi\u011fini beyan eder.<br \/>\nALICI, t\u00fcketici s\u0131fat\u0131yla talep ve \u015fikayetlerini yukar\u0131da yer alan SATICI ileti\u015fim bilgilerini kullanarak SATICI\u2019ya ula\u015ft\u0131rabilir.<br \/>\nALICI, i\u015fbu S\u00f6zle\u015fme\u2019yi ve \u00d6n Bilgilendirme Formu\u2019nu elektronik ortamda teyit etmekle, mesafeli s\u00f6zle\u015fmelerin akdinden \u00f6nce SATICI taraf\u0131ndan ALICI\u2019ya verilmesi gereken adres, sipari\u015fi verilen mal veya hizmete ait temel \u00f6zellikler, mal veya hizmetin vergiler dahil fiyat\u0131, \u00f6deme ve teslimat ile teslimat fiyat\u0131 bilgilerini de do\u011fru ve eksiksiz olarak edindi\u011fini teyit etmi\u015f olur.<br \/>\nALICI\u2019n\u0131n, teslim edildi\u011fi esnada tahrip olmu\u015f, k\u0131r\u0131k, ambalaj\u0131 y\u0131rt\u0131lm\u0131\u015f vb. hasarl\u0131 ve ay\u0131pl\u0131 oldu\u011fu a\u00e7\u0131k\u00e7a belli olan S\u00f6zle\u015fme konusu mal veya hizmeti kargo \u015firketinden teslim almas\u0131 halinde sorumluluk tamamen kendisine aittir.<br \/>\nKargo esnas\u0131nda meydana gelen zararlardan SATICI sorumlu de\u011fildir.<br \/>\nSATICI taraf\u0131ndan baz\u0131 mal\/\u00fcr\u00fcnlerin g\u00f6nderimi ancak \u0130STANBUL i\u00e7erisine yap\u0131labilir. ALICI bu hususu pe\u015finen kabul eder.<br \/>\nMal veya hizmetin tesliminden sonra ALICI\u2019ya ait kredi kart\u0131n\u0131n ALICI\u2019n\u0131n kusurundan kaynaklanmayan bir \u015fekilde yetkisiz ki\u015filerce haks\u0131z veya hukuka ayk\u0131r\u0131 olarak kullan\u0131lmas\u0131 nedeni ile ilgili banka veya finans kurulu\u015funun mal veya hizmetin bedelini SATICI\u2019ya \u00f6dememesi halinde, ALICI kendisine teslim edilmi\u015f olmas\u0131 kayd\u0131yla mal veya hizmeti 3 (\u00fc\u00e7) g\u00fcn i\u00e7inde SATICI\u2019ya iade etmekle y\u00fck\u00fcml\u00fcd\u00fcr. Bu halde teslimat giderleri ALICI\u2019ya aittir.<\/p>\n<p>&nbsp;<\/p>\n<p><strong>MADDE 7 SATICI\u2019NIN BEYAN VE TAAHH\u00dcTLER\u0130<\/strong><br \/>\nSATICI, S\u00f6zle\u015fme konusu mal veya hizmetin t\u00fcketici mevzuat\u0131na uygun olarak, sa\u011flam, eksiksiz, sipari\u015fte belirtilen niteliklere uygun ve varsa garanti belgeleri ve kullan\u0131m k\u0131lavuzlar\u0131 ile ALICI\u2019ya teslim edilmesinden sorumludur.<br \/>\nSATICI, m\u00fccbir sebepler veya nakliyeyi engelleyen ola\u011fan\u00fcst\u00fc durumlar nedeni ile s\u00f6zle\u015fme konusu mal veya hizmeti s\u00fcresi i\u00e7inde teslim edemez ise, durumu \u00f6\u011frendi\u011fi tarihten itibaren 3 (\u00fc\u00e7) g\u00fcn i\u00e7inde ALICI\u2019ya bildirmekle y\u00fck\u00fcml\u00fcd\u00fcr.<br \/>\nS\u00f6zle\u015fme konusu mal veya hizmet, ALICI\u2019dan ba\u015fka bir ki\u015fiye teslim edilecek ise, teslim edilecek ki\u015finin teslimat\u0131 kabul etmemesinden SATICI sorumlu tutulamaz.<\/p>\n<p>&nbsp;<\/p>\n<p><strong>MADDE 8 CAYMA HAKKI<\/strong><br \/>\nMesafeli S\u00f6zle\u015fmeler Y\u00f6netmeli\u011fi madde 9 uyar\u0131nca, ALICI, mal\/\u00fcr\u00fcn sat\u0131\u015f\u0131na ili\u015fkin i\u015flemlerde teslimat tarihinden itibaren, hizmet sat\u0131\u015f\u0131na ili\u015fkin i\u015flemlerde sat\u0131n alma tarihinden itibaren 14 (on d\u00f6rt) g\u00fcn i\u00e7erisinde cayma hakk\u0131n\u0131 kullanabilir. \u00dcr\u00fcn\u00fcn i\u015fbu s\u00f6zle\u015fmede d\u00fczenlenen \u201cCayma Hakk\u0131n\u0131n Kullan\u0131lamayaca\u011f\u0131 Haller\u201d h\u00fck\u00fcmleri \u00e7er\u00e7evesinde yer almamas\u0131 \u015fartt\u0131r.<br \/>\nCayma ve iade bildirimi, bu s\u00fcre i\u00e7inde, SATICI\u2019n\u0131n yukar\u0131da bilgileri yer alan i\u015f yeri adresine veya e-mail adresine veya web sitesinde yer alan ileti\u015fim b\u00f6l\u00fcm\u00fcne yap\u0131lacak yaz\u0131l\u0131 bildirimler ile y\u00f6neltilmelidir.<br \/>\nALICI, \u00fcr\u00fcn iade hakk\u0131n\u0131 kulland\u0131\u011f\u0131na ili\u015fkin bildirimi y\u00f6neltti\u011fi tarihten itibaren on g\u00fcn i\u00e7inde iade edece\u011fi \u00fcr\u00fcnleri SATICI\u2019n\u0131n adresine g\u00f6ndermek\/teslim etmek zorundad\u0131r.<br \/>\n\u00dcr\u00fcn iade edilmeden bedel iadesi yap\u0131lmaz. \u00dcr\u00fcnlerin iadesine ili\u015fkin kargo \u00fccreti ALICI taraf\u0131ndan kar\u015f\u0131lan\u0131r.<br \/>\n\u0130ade hakk\u0131n\u0131n kullan\u0131lmas\u0131 halinde; (\u00fcr\u00fcnlerle birlikte) \u00fcr\u00fcne ili\u015fkin fatura ve iade formunun da g\u00f6nderilmesi gerekmektedir. (\u0130ade edilmek istenen \u00fcr\u00fcn\u00fcn faturas\u0131 kurumsal ise, iade ederken kurumun d\u00fczenlemi\u015f oldu\u011fu iade faturas\u0131 ile birlikte g\u00f6nderilmesi gerekmektedir. Faturas\u0131 kurumlar ad\u0131na d\u00fczenlenen sipari\u015f iadeleri \u0130ADE FATURASI kesilmedi\u011fi takdirde tamamlanamayacakt\u0131r.)<br \/>\n\u0130ade edilecek \u00fcr\u00fcnlerin kutusu, ambalaj\u0131, varsa standart aksesuarlar\u0131 ile birlikte eksiksiz ve hasars\u0131z olarak teslim edilmesi gerekmektedir.<\/p>\n<p>&nbsp;<\/p>\n<p><strong>MADDE 9 CAYMA HAKKININ KULLANILAMAYACA\u011eI HALLER<\/strong><br \/>\nMevzuat uyar\u0131nca ALICI a\u015fa\u011f\u0131daki hallerde cayma hakk\u0131n\u0131 kullanamayaca\u011f\u0131n\u0131 pe\u015finen kabul, beyan ve taahh\u00fct eder.<br \/>\nFiyat\u0131 finansal piyasalardaki dalgalanmalara ba\u011fl\u0131 olarak de\u011fi\u015fen ve SATICI\u2019n\u0131n kontrol\u00fcnde olmayan mal veya hizmetler, ALICI\u2019n\u0131n istekleri veya a\u00e7\u0131k\u00e7a onun ki\u015fisel ihtiya\u00e7lar\u0131 do\u011frultusunda \u00fcretilen\/haz\u0131rlanan, niteli\u011fi itibariyle geri g\u00f6nderilmeye elveri\u015fli olmayan ve \u00e7abuk bozulma tehlikesi olan veya son kullanma tarihi ge\u00e7me ihtimali olan \u00fcr\u00fcnler; tesliminden sonra ambalaj, bant, m\u00fch\u00fcr, paket gibi koruyucu unsurlar\u0131 a\u00e7\u0131lm\u0131\u015f olan mallardan; iadesi sa\u011fl\u0131k ve hijyen a\u00e7\u0131s\u0131ndan uygun olmayanlar; tesliminden sonra ba\u015fka \u00fcr\u00fcnlerle kar\u0131\u015fan ve do\u011fas\u0131 gere\u011fi ayr\u0131\u015ft\u0131r\u0131lmas\u0131 m\u00fcmk\u00fcn olmayan \u00fcr\u00fcnler, abonelik s\u00f6zle\u015fmesi kapsam\u0131nda sa\u011flananlar d\u0131\u015f\u0131nda, gazete ve dergi gibi s\u00fcreli yay\u0131nlar\u0131n teslimine ili\u015fkin s\u00f6zle\u015fmeler, belirli bir tarihte veya d\u00f6nemde yap\u0131lmas\u0131 gereken, konaklama, e\u015fya ta\u015f\u0131ma, araba kiralama, yiyecek-i\u00e7ecek tedariki ve e\u011flence veya dinlenme amac\u0131yla yap\u0131lan bo\u015f zaman\u0131n de\u011ferlendirilmesine ili\u015fkin s\u00f6zle\u015fmeler, cayma hakk\u0131 s\u00fcresi sona ermeden \u00f6nce, t\u00fcketicinin onay\u0131 ile ifas\u0131na ba\u015flanan hizmetler ve elektronik ortamda an\u0131nda ifa edilen hizmetler ile t\u00fcketiciye an\u0131nda teslim edilen gayri maddi \u00fcr\u00fcnler (hediye kart\u0131, hediye \u00e7eki, para yerine ge\u00e7en kupon ve benzeri).<\/p>\n<p>&nbsp;<\/p>\n<p><strong>MADDE 10 UYU\u015eMAZLIKLARIN \u00c7\u00d6Z\u00dcM\u00dc<\/strong><br \/>\n\u0130\u015fbu Mesafeli Sat\u0131\u015f S\u00f6zle\u015fme ile ilgili \u00e7\u0131kacak ihtilaflarda; her y\u0131l G\u00fcmr\u00fck ve Ticaret Bakanl\u0131\u011f\u0131 taraf\u0131ndan ilan edilen de\u011fere kadar SATICI\u2019n\u0131n veya ALICI\u2019n\u0131n yerle\u015fim yerindeki \u0130l veya \u0130l\u00e7e T\u00fcketici Sorunlar\u0131 Hakem Heyetleri, s\u00f6z konusu de\u011ferin \u00fczerindeki ihtilaflarda ise T\u00fcketici Mahkemeleri yetkilidir.<\/p>\n<p>&nbsp;<\/p>\n<p><strong>MADDE 11 TEMERR\u00dcT HAL\u0130 VE HUKUK\u0130 SONU\u00c7LARI<\/strong><br \/>\nALICI\u2019n\u0131n, kredi kart\u0131 ile yapm\u0131\u015f oldu\u011fu i\u015flemlerde temerr\u00fcde d\u00fc\u015fmesi halinde kart sahibi bankan\u0131n kendisi ile yapm\u0131\u015f oldu\u011fu kredi kart\u0131 s\u00f6zle\u015fmesi \u00e7er\u00e7evesinde faiz \u00f6deyecek ve bankaya kar\u015f\u0131 sorumlu olacakt\u0131r. Bu durumda ilgili banka hukuki yollara ba\u015fvurabilir; do\u011facak masraflar\u0131 ve vek\u00e2let \u00fccretini ALICI\u2019dan talep edebilir ve her ko\u015fulda ALICI\u2019n\u0131n borcundan dolay\u0131 temerr\u00fcde d\u00fc\u015fmesi halinde, ALICI\u2019n\u0131n borcu gecikmeli ifas\u0131ndan dolay\u0131 SATICI\u2019n\u0131n u\u011frad\u0131\u011f\u0131 zarar ve ziyandan ALICI sorumlu olacakt\u0131r.<\/p>\n<p>&nbsp;<\/p>\n<p><strong>MADDE 12 B\u0130LD\u0130R\u0130MLER VE DEL\u0130L S\u00d6ZLE\u015eMES\u0130<\/strong><br \/>\n\u0130\u015fbu S\u00f6zle\u015fme taht\u0131nda taraflar aras\u0131nda yap\u0131lacak her t\u00fcrl\u00fc yaz\u0131\u015fma, mevzuatta say\u0131lan zorunlu haller d\u0131\u015f\u0131nda, yukar\u0131da bildirilen adrese g\u00f6nderilecek iadeli taahh\u00fctl\u00fc mektup veya elektronik posta arac\u0131l\u0131\u011f\u0131yla yap\u0131lacakt\u0131r. ALICI, i\u015fbu S\u00f6zle\u015fme\u2019den do\u011fabilecek ihtilaflarda SATICI\u2019n\u0131n resmi defter ve ticari kay\u0131tlar\u0131yla, veritaban\u0131nda, sunucular\u0131nda tuttu\u011fu elektronik bilgilerin ve bilgisayar kay\u0131tlar\u0131n\u0131n, ba\u011flay\u0131c\u0131, kesin ve m\u00fcnhas\u0131r delil te\u015fkil edece\u011fini, bu maddenin Hukuk Muhakemeleri Kanunu\u2019nun 193. maddesi anlam\u0131nda delil s\u00f6zle\u015fmesi niteli\u011finde oldu\u011funu kabul, beyan ve taahh\u00fct eder.<\/p>\n<p>Sipari\u015fin ger\u00e7ekle\u015fmesi durumunda ALICI i\u015fbu s\u00f6zle\u015fmenin t\u00fcm ko\u015fullar\u0131n\u0131 kabul etmi\u015f say\u0131l\u0131r.<\/p>\n<p>&nbsp;<\/p>\n","protected":false},"excerpt":{"rendered":"<p>DISTANT SALES CONTRACT MADDE 1 KONU: \u0130\u015fbu s\u00f6zle\u015fmenin konusu, SATICI\u2019n\u0131n, ALICI\u2019ya sat\u0131\u015f\u0131n\u0131 yapt\u0131\u011f\u0131, a\u015fa\u011f\u0131da nitelikleri ve sat\u0131\u015f fiyat\u0131 belirtilen \u00fcr\u00fcn\u00fcn<\/p>\n","protected":false},"author":1,"featured_media":0,"parent":0,"menu_order":0,"comment_status":"closed","ping_status":"closed","template":"","meta":{"footnotes":""},"class_list":["post-639","page","type-page","status-publish","hentry"],"yoast_head":"<!-- This site is optimized with the Yoast SEO plugin v25.0 - https:\/\/yoast.com\/wordpress\/plugins\/seo\/ -->\n<title>Distant Sales Contract | Splendid Palas Butik<\/title>\n<meta name=\"description\" content=\"Spledid Palas Butik distant sales contract.\" \/>\n<meta name=\"robots\" content=\"index, follow, max-snippet:-1, max-image-preview:large, max-video-preview:-1\" \/>\n<link rel=\"canonical\" href=\"https:\/\/www.splendidpalasbutik.com\/en\/distant-sales-contract\/\" \/>\n<meta property=\"og:locale\" content=\"en_US\" \/>\n<meta property=\"og:type\" content=\"article\" \/>\n<meta property=\"og:title\" content=\"Distant Sales Contract | Splendid Palas Butik\" \/>\n<meta property=\"og:description\" content=\"Spledid Palas Butik distant sales contract.\" \/>\n<meta property=\"og:url\" content=\"https:\/\/www.splendidpalasbutik.com\/en\/distant-sales-contract\/\" \/>\n<meta property=\"og:site_name\" content=\"Splendid Palas Butik\" \/>\n<meta property=\"article:modified_time\" content=\"2022-05-09T19:34:39+00:00\" \/>\n<meta property=\"og:image\" content=\"https:\/\/www.splendidpalasbutik.com\/wp-content\/uploads\/2022\/01\/714A0285-scaled.jpg\" \/>\n\t<meta property=\"og:image:width\" content=\"1920\" \/>\n\t<meta property=\"og:image:height\" content=\"1280\" \/>\n\t<meta property=\"og:image:type\" content=\"image\/jpeg\" \/>\n<meta name=\"twitter:card\" content=\"summary_large_image\" \/>\n<meta name=\"twitter:label1\" content=\"Est. reading time\" \/>\n\t<meta name=\"twitter:data1\" content=\"8 minutes\" \/>\n<script type=\"application\/ld+json\" class=\"yoast-schema-graph\">{\"@context\":\"https:\/\/schema.org\",\"@graph\":[{\"@type\":\"WebPage\",\"@id\":\"https:\/\/www.splendidpalasbutik.com\/en\/distant-sales-contract\/\",\"url\":\"https:\/\/www.splendidpalasbutik.com\/en\/distant-sales-contract\/\",\"name\":\"Distant Sales Contract | Splendid Palas Butik\",\"isPartOf\":{\"@id\":\"https:\/\/www.splendidpalasbutik.com\/#website\"},\"datePublished\":\"2022-03-21T08:27:58+00:00\",\"dateModified\":\"2022-05-09T19:34:39+00:00\",\"description\":\"Spledid Palas Butik distant sales contract.\",\"breadcrumb\":{\"@id\":\"https:\/\/www.splendidpalasbutik.com\/en\/distant-sales-contract\/#breadcrumb\"},\"inLanguage\":\"en-US\",\"potentialAction\":[{\"@type\":\"ReadAction\",\"target\":[\"https:\/\/www.splendidpalasbutik.com\/en\/distant-sales-contract\/\"]}]},{\"@type\":\"BreadcrumbList\",\"@id\":\"https:\/\/www.splendidpalasbutik.com\/en\/distant-sales-contract\/#breadcrumb\",\"itemListElement\":[{\"@type\":\"ListItem\",\"position\":1,\"name\":\"Anasayfa\",\"item\":\"https:\/\/www.splendidpalasbutik.com\/\"},{\"@type\":\"ListItem\",\"position\":2,\"name\":\"Distant Sales Contract\"}]},{\"@type\":\"WebSite\",\"@id\":\"https:\/\/www.splendidpalasbutik.com\/#website\",\"url\":\"https:\/\/www.splendidpalasbutik.com\/\",\"name\":\"Splendid Palas Butik\",\"description\":\"Discover the splendid way of life!\",\"publisher\":{\"@id\":\"https:\/\/www.splendidpalasbutik.com\/#organization\"},\"potentialAction\":[{\"@type\":\"SearchAction\",\"target\":{\"@type\":\"EntryPoint\",\"urlTemplate\":\"https:\/\/www.splendidpalasbutik.com\/?s={search_term_string}\"},\"query-input\":{\"@type\":\"PropertyValueSpecification\",\"valueRequired\":true,\"valueName\":\"search_term_string\"}}],\"inLanguage\":\"en-US\"},{\"@type\":\"Organization\",\"@id\":\"https:\/\/www.splendidpalasbutik.com\/#organization\",\"name\":\"Splendid Palas Butik\",\"url\":\"https:\/\/www.splendidpalasbutik.com\/\",\"logo\":{\"@type\":\"ImageObject\",\"inLanguage\":\"en-US\",\"@id\":\"https:\/\/www.splendidpalasbutik.com\/#\/schema\/logo\/image\/\",\"url\":\"https:\/\/www.splendidpalasbutik.com\/wp-content\/uploads\/2022\/05\/spmailheader.png\",\"contentUrl\":\"https:\/\/www.splendidpalasbutik.com\/wp-content\/uploads\/2022\/05\/spmailheader.png\",\"width\":600,\"height\":243,\"caption\":\"Splendid Palas Butik\"},\"image\":{\"@id\":\"https:\/\/www.splendidpalasbutik.com\/#\/schema\/logo\/image\/\"},\"sameAs\":[\"https:\/\/www.instagram.com\/splendidpalasbutik\/\"]}]}<\/script>\n<!-- \/ Yoast SEO plugin. -->","yoast_head_json":{"title":"Distant Sales Contract | Splendid Palas Butik","description":"Spledid Palas Butik distant sales contract.","robots":{"index":"index","follow":"follow","max-snippet":"max-snippet:-1","max-image-preview":"max-image-preview:large","max-video-preview":"max-video-preview:-1"},"canonical":"https:\/\/www.splendidpalasbutik.com\/en\/distant-sales-contract\/","og_locale":"en_US","og_type":"article","og_title":"Distant Sales Contract | Splendid Palas Butik","og_description":"Spledid Palas Butik distant sales contract.","og_url":"https:\/\/www.splendidpalasbutik.com\/en\/distant-sales-contract\/","og_site_name":"Splendid Palas Butik","article_modified_time":"2022-05-09T19:34:39+00:00","og_image":[{"width":1920,"height":1280,"url":"https:\/\/www.splendidpalasbutik.com\/wp-content\/uploads\/2022\/01\/714A0285-scaled.jpg","type":"image\/jpeg"}],"twitter_card":"summary_large_image","twitter_misc":{"Est. reading time":"8 minutes"},"schema":{"@context":"https:\/\/schema.org","@graph":[{"@type":"WebPage","@id":"https:\/\/www.splendidpalasbutik.com\/en\/distant-sales-contract\/","url":"https:\/\/www.splendidpalasbutik.com\/en\/distant-sales-contract\/","name":"Distant Sales Contract | Splendid Palas Butik","isPartOf":{"@id":"https:\/\/www.splendidpalasbutik.com\/#website"},"datePublished":"2022-03-21T08:27:58+00:00","dateModified":"2022-05-09T19:34:39+00:00","description":"Spledid Palas Butik distant sales contract.","breadcrumb":{"@id":"https:\/\/www.splendidpalasbutik.com\/en\/distant-sales-contract\/#breadcrumb"},"inLanguage":"en-US","potentialAction":[{"@type":"ReadAction","target":["https:\/\/www.splendidpalasbutik.com\/en\/distant-sales-contract\/"]}]},{"@type":"BreadcrumbList","@id":"https:\/\/www.splendidpalasbutik.com\/en\/distant-sales-contract\/#breadcrumb","itemListElement":[{"@type":"ListItem","position":1,"name":"Anasayfa","item":"https:\/\/www.splendidpalasbutik.com\/"},{"@type":"ListItem","position":2,"name":"Distant Sales Contract"}]},{"@type":"WebSite","@id":"https:\/\/www.splendidpalasbutik.com\/#website","url":"https:\/\/www.splendidpalasbutik.com\/","name":"Splendid Palas Butik","description":"Discover the splendid way of life!","publisher":{"@id":"https:\/\/www.splendidpalasbutik.com\/#organization"},"potentialAction":[{"@type":"SearchAction","target":{"@type":"EntryPoint","urlTemplate":"https:\/\/www.splendidpalasbutik.com\/?s={search_term_string}"},"query-input":{"@type":"PropertyValueSpecification","valueRequired":true,"valueName":"search_term_string"}}],"inLanguage":"en-US"},{"@type":"Organization","@id":"https:\/\/www.splendidpalasbutik.com\/#organization","name":"Splendid Palas Butik","url":"https:\/\/www.splendidpalasbutik.com\/","logo":{"@type":"ImageObject","inLanguage":"en-US","@id":"https:\/\/www.splendidpalasbutik.com\/#\/schema\/logo\/image\/","url":"https:\/\/www.splendidpalasbutik.com\/wp-content\/uploads\/2022\/05\/spmailheader.png","contentUrl":"https:\/\/www.splendidpalasbutik.com\/wp-content\/uploads\/2022\/05\/spmailheader.png","width":600,"height":243,"caption":"Splendid Palas Butik"},"image":{"@id":"https:\/\/www.splendidpalasbutik.com\/#\/schema\/logo\/image\/"},"sameAs":["https:\/\/www.instagram.com\/splendidpalasbutik\/"]}]}},"jetpack_sharing_enabled":true,"acf":[],"_links":{"self":[{"href":"https:\/\/www.splendidpalasbutik.com\/en\/wp-json\/wp\/v2\/pages\/639","targetHints":{"allow":["GET"]}}],"collection":[{"href":"https:\/\/www.splendidpalasbutik.com\/en\/wp-json\/wp\/v2\/pages"}],"about":[{"href":"https:\/\/www.splendidpalasbutik.com\/en\/wp-json\/wp\/v2\/types\/page"}],"author":[{"embeddable":true,"href":"https:\/\/www.splendidpalasbutik.com\/en\/wp-json\/wp\/v2\/users\/1"}],"replies":[{"embeddable":true,"href":"https:\/\/www.splendidpalasbutik.com\/en\/wp-json\/wp\/v2\/comments?post=639"}],"version-history":[{"count":1,"href":"https:\/\/www.splendidpalasbutik.com\/en\/wp-json\/wp\/v2\/pages\/639\/revisions"}],"predecessor-version":[{"id":5470,"href":"https:\/\/www.splendidpalasbutik.com\/en\/wp-json\/wp\/v2\/pages\/639\/revisions\/5470"}],"wp:attachment":[{"href":"https:\/\/www.splendidpalasbutik.com\/en\/wp-json\/wp\/v2\/media?parent=639"}],"curies":[{"name":"wp","href":"https:\/\/api.w.org\/{rel}","templated":true}]}}